{"id":17876,"date":"2023-07-13T23:14:09","date_gmt":"2023-07-14T03:14:09","guid":{"rendered":"https:\/\/https:\/\/dev.systech.ssdev.ca\/?page_id=17876"},"modified":"2024-11-14T13:39:49","modified_gmt":"2024-11-14T18:39:49","slug":"mission-values","status":"publish","type":"page","link":"https:\/\/dev.systech.ssdev.ca\/de\/about\/mission-values\/","title":{"rendered":"FIRMENPROFIL"},"content":{"rendered":"<div data-elementor-type=\"wp-page\" data-elementor-id=\"17876\" class=\"elementor elementor-17876\" data-elementor-post-type=\"page\">\n\t\t\t\t<div data-dce-background-color=\"#54585926\" class=\"elementor-element elementor-element-d3213aa e-flex e-con-boxed e-con e-parent\" data-id=\"d3213aa\" data-element_type=\"container\" data-settings=\"{&quot;background_background&quot;:&quot;classic&quot;}\">\n\t\t\t\t\t<div class=\"e-con-inner\">\n\t\t<div class=\"elementor-element elementor-element-1bd33cb e-con-full e-flex e-con e-child\" data-id=\"1bd33cb\" data-element_type=\"container\" data-settings=\"{&quot;background_background&quot;:&quot;classic&quot;}\">\n\t\t\t\t<div class=\"elementor-element elementor-element-f69be67 elementor-absolute elementor-hidden-mobile elementor-hidden-desktop elementor-hidden-tablet elementor-widget elementor-widget-global elementor-global-19140 elementor-widget-breadcrumbs\" data-id=\"f69be67\" data-element_type=\"widget\" data-settings=\"{&quot;_position&quot;:&quot;absolute&quot;}\" data-widget_type=\"breadcrumbs.default\">\n\t\t\t\t<div class=\"elementor-widget-container\">\n\t\t\t\t\t<p id=\"breadcrumbs\"><span><span><a href=\"https:\/\/dev.systech.ssdev.ca\/de\/\">Zuhause<\/a><\/span><\/span><\/p>\t\t\t\t<\/div>\n\t\t\t\t<\/div>\n\t\t\t\t<div class=\"elementor-element elementor-element-49ec814 elementor-widget elementor-widget-heading\" data-id=\"49ec814\" data-element_type=\"widget\" data-widget_type=\"heading.default\">\n\t\t\t\t<div class=\"elementor-widget-container\">\n\t\t\t\t\t<h1 class=\"elementor-heading-title elementor-size-default\">FIRMENPROFIL<\/h1>\t\t\t\t<\/div>\n\t\t\t\t<\/div>\n\t\t\t\t<div class=\"elementor-element elementor-element-ea5a66a elementor-widget elementor-widget-text-editor\" data-id=\"ea5a66a\" data-element_type=\"widget\" data-widget_type=\"text-editor.default\">\n\t\t\t\t<div class=\"elementor-widget-container\">\n\t\t\t\t\t\t\t\t\t<p>Systech wurde 1985 gegr\u00fcndet und ist der f\u00fchrende Anbieter von L\u00f6sungen f\u00fcr die digitale Identifizierung und R\u00fcckverfolgbarkeit. Unsere L\u00f6sungen ermitteln wichtige Produktdaten, sorgen f\u00fcr digitale Konnektivit\u00e4t und erm\u00f6glichen Einblicke in Echtzeit \u2013 an der Verpackungslinie, in der gesamten Lieferkette und bis in die H\u00e4nde der Verbraucher.<\/p>\t\t\t\t\t\t\t\t<\/div>\n\t\t\t\t<\/div>\n\t\t\t\t<\/div>\n\t\t<div data-dce-background-image-url=\"https:\/\/staging.systech.ssdev.ca\/wp-content\/uploads\/2023\/09\/line-element.svg\" class=\"elementor-element elementor-element-01bec94 e-con-full elementor-hidden-tablet elementor-hidden-mobile e-flex e-con e-child\" data-id=\"01bec94\" data-element_type=\"container\" data-settings=\"{&quot;background_background&quot;:&quot;classic&quot;,&quot;position&quot;:&quot;absolute&quot;}\">\n\t\t\t\t<\/div>\n\t\t\t\t\t<\/div>\n\t\t\t\t<\/div>\n\t\t<div class=\"elementor-element elementor-element-d9be658 e-flex e-con-boxed e-con e-parent\" data-id=\"d9be658\" data-element_type=\"container\">\n\t\t\t\t\t<div class=\"e-con-inner\">\n\t\t<div class=\"elementor-element elementor-element-85021c9 e-con-full e-flex e-con e-child\" data-id=\"85021c9\" data-element_type=\"container\">\n\t\t\t\t<div class=\"elementor-element elementor-element-284924e elementor-widget elementor-widget-heading\" data-id=\"284924e\" data-element_type=\"widget\" data-widget_type=\"heading.default\">\n\t\t\t\t<div class=\"elementor-widget-container\">\n\t\t\t\t\t<h3 class=\"elementor-heading-title elementor-size-default\">Wir l\u00f6sen Probleme<\/h3>\t\t\t\t<\/div>\n\t\t\t\t<\/div>\n\t\t\t\t<div class=\"elementor-element elementor-element-d4dc5ef elementor-widget elementor-widget-text-editor\" data-id=\"d4dc5ef\" data-element_type=\"widget\" data-widget_type=\"text-editor.default\">\n\t\t\t\t<div class=\"elementor-widget-container\">\n\t\t\t\t\t\t\t\t\t<p>Innovationsgeist ist ein integraler Bestandteil unserer Firmenidentit\u00e4t \u2013 von unseren Wurzeln als Startup im Bereich der fortschrittlichen industriellen Bildverarbeitung (Machine Vision) bis hin zur bahnbrechenden Serialisierung und der Transformation von R\u00fcckverfolgbarkeit und Authentifizierung in der Lieferkette. Wir wissen, wie wichtig es ist, die Herausforderungen des technologischen Fortschritts anzunehmen und umfassende, einfach zu konfigurierende, schl\u00fcsselfertige Softwarel\u00f6sungen zu liefern.<\/p>\n<p>Mithilfe der funktionsreichen Systech-Plattform mit ihren Tausenden Installationen erlangen Kunden Einblicke in die einzelnen Stationen der Reise eines Produkts. Globale Marken aus verschiedenen Branchen verlassen sich auf Systech, um ihre Ziele in den Bereichen Compliance, Ausfallsicherheit, Nachhaltigkeit und digitale Transformation zu erreichen.<\/p>\t\t\t\t\t\t\t\t<\/div>\n\t\t\t\t<\/div>\n\t\t\t\t<div class=\"elementor-element elementor-element-5ea8554 elementor-widget elementor-widget-heading\" data-id=\"5ea8554\" data-element_type=\"widget\" data-widget_type=\"heading.default\">\n\t\t\t\t<div class=\"elementor-widget-container\">\n\t\t\t\t\t<h3 class=\"elementor-heading-title elementor-size-default\">Normen und Zertifizierungen<\/h3>\t\t\t\t<\/div>\n\t\t\t\t<\/div>\n\t\t\t\t<div class=\"elementor-element elementor-element-4a5f038 elementor-widget elementor-widget-text-editor\" data-id=\"4a5f038\" data-element_type=\"widget\" data-widget_type=\"text-editor.default\">\n\t\t\t\t<div class=\"elementor-widget-container\">\n\t\t\t\t\t\t\t\t\t<p>Systech ist bestrebt, seinen Kunden weltweit Produkte und Dienstleistungen auf h\u00f6chstem Niveau zu liefern.  Aus diesem Grund haben wir unser Unternehmen und viele unserer Produkte umfangreichen Audits durch externe Stellen unterzogen, um Branchenstandards und Zertifizierungen wie ISO 9001:2015, System and Organization Controls (SOC) 2\u00ae Type I und Type II und NOM-019-SCFI-1998 zu erhalten.<\/p>\t\t\t\t\t\t\t\t<\/div>\n\t\t\t\t<\/div>\n\t\t\t\t<div class=\"elementor-element elementor-element-c50f0ba elementor-widget elementor-widget-gallery\" data-id=\"c50f0ba\" data-element_type=\"widget\" data-settings=\"{&quot;columns&quot;:3,&quot;aspect_ratio&quot;:&quot;1:1&quot;,&quot;lazyload&quot;:&quot;yes&quot;,&quot;gallery_layout&quot;:&quot;grid&quot;,&quot;columns_tablet&quot;:2,&quot;columns_mobile&quot;:1,&quot;gap&quot;:{&quot;unit&quot;:&quot;px&quot;,&quot;size&quot;:10,&quot;sizes&quot;:[]},&quot;gap_tablet&quot;:{&quot;unit&quot;:&quot;px&quot;,&quot;size&quot;:10,&quot;sizes&quot;:[]},&quot;gap_mobile&quot;:{&quot;unit&quot;:&quot;px&quot;,&quot;size&quot;:10,&quot;sizes&quot;:[]},&quot;overlay_background&quot;:&quot;yes&quot;,&quot;content_hover_animation&quot;:&quot;fade-in&quot;}\" data-widget_type=\"gallery.default\">\n\t\t\t\t<div class=\"elementor-widget-container\">\n\t\t\t\t\t\t\t<div class=\"elementor-gallery__container\">\n\t\t\t\t\t\t\t<div class=\"e-gallery-item elementor-gallery-item elementor-animated-content\">\n\t\t\t\t\t<div class=\"e-gallery-image elementor-gallery-item__image\" data-thumbnail=\"https:\/\/dev.systech.ssdev.ca\/wp-content\/uploads\/2023\/07\/TUVSUD-ISO-MARK.gif\" data-width=\"177\" data-height=\"177\" aria-label=\"\" role=\"img\" ><\/div>\n\t\t\t\t\t\t\t\t\t\t\t<div class=\"elementor-gallery-item__overlay\"><\/div>\n\t\t\t\t\t\t\t\t\t\t\t\t\t\t<\/div>\n\t\t\t\t\t\t\t<div class=\"e-gallery-item elementor-gallery-item elementor-animated-content\">\n\t\t\t\t\t<div class=\"e-gallery-image elementor-gallery-item__image\" data-thumbnail=\"https:\/\/dev.systech.ssdev.ca\/wp-content\/uploads\/2023\/07\/SOC.png\" data-width=\"400\" data-height=\"400\" aria-label=\"\" role=\"img\" ><\/div>\n\t\t\t\t\t\t\t\t\t\t\t<div class=\"elementor-gallery-item__overlay\"><\/div>\n\t\t\t\t\t\t\t\t\t\t\t\t\t\t<\/div>\n\t\t\t\t\t\t\t<div class=\"e-gallery-item elementor-gallery-item elementor-animated-content\">\n\t\t\t\t\t<div class=\"e-gallery-image elementor-gallery-item__image\" data-thumbnail=\"https:\/\/dev.systech.ssdev.ca\/wp-content\/uploads\/2023\/07\/Norma_Oficial_Mexicana_logo.png\" data-width=\"197\" data-height=\"198\" aria-label=\"\" role=\"img\" ><\/div>\n\t\t\t\t\t\t\t\t\t\t\t<div class=\"elementor-gallery-item__overlay\"><\/div>\n\t\t\t\t\t\t\t\t\t\t\t\t\t\t<\/div>\n\t\t\t\t\t<\/div>\n\t\t\t\t\t<\/div>\n\t\t\t\t<\/div>\n\t\t\t\t<\/div>\n\t\t<div class=\"elementor-element elementor-element-ba7e1a6 e-con-full e-flex e-con e-child\" data-id=\"ba7e1a6\" data-element_type=\"container\">\n\t\t\t\t<div class=\"elementor-element elementor-element-6daef82 elementor-widget elementor-widget-heading\" data-id=\"6daef82\" data-element_type=\"widget\" data-widget_type=\"heading.default\">\n\t\t\t\t<div class=\"elementor-widget-container\">\n\t\t\t\t\t<h3 class=\"elementor-heading-title elementor-size-default\">Unsere Werte<\/h3>\t\t\t\t<\/div>\n\t\t\t\t<\/div>\n\t\t\t\t<div class=\"elementor-element elementor-element-c7237a2 elementor-widget elementor-widget-text-editor\" data-id=\"c7237a2\" data-element_type=\"widget\" data-widget_type=\"text-editor.default\">\n\t\t\t\t<div class=\"elementor-widget-container\">\n\t\t\t\t\t\t\t\t\t<p><strong>Kollaborativer Unternehmergeist<\/strong><br \/>Wir agieren als Unternehmer und arbeiten zusammen, um unsere Gr\u00f6\u00dfe und Ressourcen als globales Unternehmen zu nutzen.<\/p><p><strong>Gewinnen durch Kunden<\/strong><br \/>Wir engagieren uns leidenschaftlich f\u00fcr den Erfolg unserer Kunden, denn wir wissen: ein Gewinn f\u00fcr sie ist auch ein Gewinn f\u00fcr uns.<\/p><p><strong>Hohe ethische Standards, Offenheit und Vertrauen<\/strong><br \/>Wir orientieren uns an den Werten: gegenseitiges Vertrauen und Respekt, Ehrlichkeit und Aufrichtigkeit.<\/p><p><strong>Erwartungen und Ergebnisse<\/strong><br \/>Wir setzen uns selbst und unserem Unternehmen Ziele und streben danach, diese zu erreichen.<\/p><p><strong>Respekt und Wertsch\u00e4tzung f\u00fcr Menschen<\/strong><br \/>Wir sehen jeden einzelnen als Mensch, der Respekt, Motivation und Inspiration verdient.<\/p><p class=\"translation-block\">Systech ist eine f\u00fchrende Marke von <a href=\"https:\/\/www.markem-imaje.com\/\" target=\"_blank\" rel=\"noopener\">Markem-Imaje<\/a>Markem-Imaje<\/a>, einer hundertprozentigen Tochtergesellschaft der  <a href=\"https:\/\/www.dovercorporation.com\/\" target=\"_blank\" rel=\"noopener\">Dover Corporation<\/a>. Markem-Imaje bietet globale L\u00f6sungen f\u00fcr Produktkennzeichnung, Verpackungsdaten und vernetzte Produkte.<\/p>\t\t\t\t\t\t\t\t<\/div>\n\t\t\t\t<\/div>\n\t\t\t\t<\/div>\n\t\t\t\t\t<\/div>\n\t\t\t\t<\/div>\n\t\t\t\t<\/div>","protected":false},"excerpt":{"rendered":"<p>Who we are Established in 1985, Systech is the leader in providing digital identification and traceability solutions. Our offerings establish essential product data, ensure digital connectivity and enable real-time insights\u2014on the packaging line, throughout the supply chain and into the consumer\u2019s hands. Systech is reliability Innovation is in our DNA\u2014from our start-up roots in advanced [&hellip;]<\/p>","protected":false},"author":26,"featured_media":0,"parent":4824,"menu_order":0,"comment_status":"closed","ping_status":"closed","template":"","meta":{"_acf_changed":false,"content-type":"","footnotes":""},"class_list":["post-17876","page","type-page","status-publish","hentry"],"acf":[],"yoast_head":"<!-- This site is optimized with the Yoast SEO plugin v25.1 - https:\/\/yoast.com\/wordpress\/plugins\/seo\/ -->\n<title>Mission \u2502 Values \u2502Systech \u2502Systech One \u2502Systech Only One<\/title>\n<meta name=\"description\" content=\"As a pioneer, Systech knows that the world is changing and that we must continue to innovate to meet and exceed the needs of our customers and yours.\" \/>\n<meta name=\"robots\" content=\"index, follow, max-snippet:-1, max-image-preview:large, max-video-preview:-1\" \/>\n<link rel=\"canonical\" href=\"https:\/\/dev.systech.ssdev.ca\/de\/about\/mission-values\/\" \/>\n<meta property=\"og:locale\" content=\"de_DE\" \/>\n<meta property=\"og:type\" content=\"article\" \/>\n<meta property=\"og:title\" content=\"Mission \u2502 Values \u2502Systech \u2502Systech One \u2502Systech Only One\" \/>\n<meta property=\"og:description\" content=\"As a pioneer, Systech knows that the world is changing and that we must continue to innovate to meet and exceed the needs of our customers and yours.\" \/>\n<meta property=\"og:url\" content=\"https:\/\/dev.systech.ssdev.ca\/de\/about\/mission-values\/\" \/>\n<meta property=\"og:site_name\" content=\"Systech\" \/>\n<meta property=\"article:publisher\" content=\"https:\/\/www.facebook.com\/systechone\/\" \/>\n<meta property=\"article:modified_time\" content=\"2024-11-14T18:39:49+00:00\" \/>\n<meta property=\"og:image\" content=\"https:\/\/staging.systech.ssdev.ca\/wp-content\/uploads\/2024\/05\/systech-video-thumbnail-play.png\" \/>\n<meta name=\"twitter:card\" content=\"summary_large_image\" \/>\n<meta name=\"twitter:site\" content=\"@systechone\" \/>\n<meta name=\"twitter:label1\" content=\"Gesch\u00e4tzte Lesezeit\" \/>\n\t<meta name=\"twitter:data1\" content=\"4\u00a0Minuten\" \/>\n<script type=\"application\/ld+json\" class=\"yoast-schema-graph\">{\"@context\":\"https:\/\/schema.org\",\"@graph\":[{\"@type\":\"WebPage\",\"@id\":\"https:\/\/dev.systech.ssdev.ca\/about\/mission-values\/\",\"url\":\"https:\/\/dev.systech.ssdev.ca\/about\/mission-values\/\",\"name\":\"Mission \u2502 Values \u2502Systech \u2502Systech One \u2502Systech Only One\",\"isPartOf\":{\"@id\":\"https:\/\/dev.systech.ssdev.ca\/#website\"},\"primaryImageOfPage\":{\"@id\":\"https:\/\/dev.systech.ssdev.ca\/about\/mission-values\/#primaryimage\"},\"image\":{\"@id\":\"https:\/\/dev.systech.ssdev.ca\/about\/mission-values\/#primaryimage\"},\"thumbnailUrl\":\"https:\/\/https:\/\/dev.systech.ssdev.ca\/wp-content\/uploads\/2024\/05\/systech-video-thumbnail-play.png\",\"datePublished\":\"2023-07-14T03:14:09+00:00\",\"dateModified\":\"2024-11-14T18:39:49+00:00\",\"description\":\"As a pioneer, Systech knows that the world is changing and that we must continue to innovate to meet and exceed the needs of our customers and yours.\",\"breadcrumb\":{\"@id\":\"https:\/\/dev.systech.ssdev.ca\/about\/mission-values\/#breadcrumb\"},\"inLanguage\":\"de\",\"potentialAction\":[{\"@type\":\"ReadAction\",\"target\":[\"https:\/\/dev.systech.ssdev.ca\/about\/mission-values\/\"]}]},{\"@type\":\"ImageObject\",\"inLanguage\":\"de\",\"@id\":\"https:\/\/dev.systech.ssdev.ca\/about\/mission-values\/#primaryimage\",\"url\":\"https:\/\/https:\/\/dev.systech.ssdev.ca\/wp-content\/uploads\/2024\/05\/systech-video-thumbnail-play.png\",\"contentUrl\":\"https:\/\/https:\/\/dev.systech.ssdev.ca\/wp-content\/uploads\/2024\/05\/systech-video-thumbnail-play.png\"},{\"@type\":\"BreadcrumbList\",\"@id\":\"https:\/\/dev.systech.ssdev.ca\/about\/mission-values\/#breadcrumb\",\"itemListElement\":[{\"@type\":\"ListItem\",\"position\":1,\"name\":\"Home\",\"item\":\"https:\/\/dev.systech.ssdev.ca\/\"},{\"@type\":\"ListItem\",\"position\":2,\"name\":\"About\",\"item\":\"https:\/\/dev.systech.ssdev.ca\/about\/\"},{\"@type\":\"ListItem\",\"position\":3,\"name\":\"Who we are\"}]},{\"@type\":\"WebSite\",\"@id\":\"https:\/\/dev.systech.ssdev.ca\/#website\",\"url\":\"https:\/\/dev.systech.ssdev.ca\/\",\"name\":\"Systech\",\"description\":\"a solutions division of Markem-Imaje\",\"publisher\":{\"@id\":\"https:\/\/dev.systech.ssdev.ca\/#organization\"},\"potentialAction\":[{\"@type\":\"SearchAction\",\"target\":{\"@type\":\"EntryPoint\",\"urlTemplate\":\"https:\/\/dev.systech.ssdev.ca\/?s={search_term_string}\"},\"query-input\":{\"@type\":\"PropertyValueSpecification\",\"valueRequired\":true,\"valueName\":\"search_term_string\"}}],\"inLanguage\":\"de\"},{\"@type\":\"Organization\",\"@id\":\"https:\/\/dev.systech.ssdev.ca\/#organization\",\"name\":\"Systech International\",\"url\":\"https:\/\/dev.systech.ssdev.ca\/\",\"logo\":{\"@type\":\"ImageObject\",\"inLanguage\":\"de\",\"@id\":\"https:\/\/dev.systech.ssdev.ca\/#\/schema\/logo\/image\/\",\"url\":\"https:\/\/https:\/\/dev.systech.ssdev.ca\/wp-content\/uploads\/2018\/04\/systech-logo.png\",\"contentUrl\":\"https:\/\/https:\/\/dev.systech.ssdev.ca\/wp-content\/uploads\/2018\/04\/systech-logo.png\",\"width\":551,\"height\":124,\"caption\":\"Systech International\"},\"image\":{\"@id\":\"https:\/\/dev.systech.ssdev.ca\/#\/schema\/logo\/image\/\"},\"sameAs\":[\"https:\/\/www.facebook.com\/systechone\/\",\"https:\/\/x.com\/systechone\",\"https:\/\/www.linkedin.com\/company\/systech-international\",\"https:\/\/www.youtube.com\/channel\/UC1fz6UKo5eMa1WxgVMGRhpA\/videos\"]}]}<\/script>\n<!-- \/ Yoast SEO plugin. -->","yoast_head_json":{"title":"Mission \u2502 Values \u2502Systech \u2502Systech One \u2502Systech Only One","description":"As a pioneer, Systech knows that the world is changing and that we must continue to innovate to meet and exceed the needs of our customers and yours.","robots":{"index":"index","follow":"follow","max-snippet":"max-snippet:-1","max-image-preview":"max-image-preview:large","max-video-preview":"max-video-preview:-1"},"canonical":"https:\/\/dev.systech.ssdev.ca\/de\/about\/mission-values\/","og_locale":"de_DE","og_type":"article","og_title":"Mission \u2502 Values \u2502Systech \u2502Systech One \u2502Systech Only One","og_description":"As a pioneer, Systech knows that the world is changing and that we must continue to innovate to meet and exceed the needs of our customers and yours.","og_url":"https:\/\/dev.systech.ssdev.ca\/de\/about\/mission-values\/","og_site_name":"Systech","article_publisher":"https:\/\/www.facebook.com\/systechone\/","article_modified_time":"2024-11-14T18:39:49+00:00","og_image":[{"url":"https:\/\/staging.systech.ssdev.ca\/wp-content\/uploads\/2024\/05\/systech-video-thumbnail-play.png","type":"","width":"","height":""}],"twitter_card":"summary_large_image","twitter_site":"@systechone","twitter_misc":{"Gesch\u00e4tzte Lesezeit":"4\u00a0Minuten"},"schema":{"@context":"https:\/\/schema.org","@graph":[{"@type":"WebPage","@id":"https:\/\/dev.systech.ssdev.ca\/about\/mission-values\/","url":"https:\/\/dev.systech.ssdev.ca\/about\/mission-values\/","name":"Mission \u2502 Values \u2502Systech \u2502Systech One \u2502Systech Only One","isPartOf":{"@id":"https:\/\/dev.systech.ssdev.ca\/#website"},"primaryImageOfPage":{"@id":"https:\/\/dev.systech.ssdev.ca\/about\/mission-values\/#primaryimage"},"image":{"@id":"https:\/\/dev.systech.ssdev.ca\/about\/mission-values\/#primaryimage"},"thumbnailUrl":"https:\/\/https:\/\/dev.systech.ssdev.ca\/wp-content\/uploads\/2024\/05\/systech-video-thumbnail-play.png","datePublished":"2023-07-14T03:14:09+00:00","dateModified":"2024-11-14T18:39:49+00:00","description":"As a pioneer, Systech knows that the world is changing and that we must continue to innovate to meet and exceed the needs of our customers and yours.","breadcrumb":{"@id":"https:\/\/dev.systech.ssdev.ca\/about\/mission-values\/#breadcrumb"},"inLanguage":"de","potentialAction":[{"@type":"ReadAction","target":["https:\/\/dev.systech.ssdev.ca\/about\/mission-values\/"]}]},{"@type":"ImageObject","inLanguage":"de","@id":"https:\/\/dev.systech.ssdev.ca\/about\/mission-values\/#primaryimage","url":"https:\/\/https:\/\/dev.systech.ssdev.ca\/wp-content\/uploads\/2024\/05\/systech-video-thumbnail-play.png","contentUrl":"https:\/\/https:\/\/dev.systech.ssdev.ca\/wp-content\/uploads\/2024\/05\/systech-video-thumbnail-play.png"},{"@type":"BreadcrumbList","@id":"https:\/\/dev.systech.ssdev.ca\/about\/mission-values\/#breadcrumb","itemListElement":[{"@type":"ListItem","position":1,"name":"Home","item":"https:\/\/dev.systech.ssdev.ca\/"},{"@type":"ListItem","position":2,"name":"About","item":"https:\/\/dev.systech.ssdev.ca\/about\/"},{"@type":"ListItem","position":3,"name":"Who we are"}]},{"@type":"WebSite","@id":"https:\/\/dev.systech.ssdev.ca\/#website","url":"https:\/\/dev.systech.ssdev.ca\/","name":"Systech","description":"a solutions division of Markem-Imaje","publisher":{"@id":"https:\/\/dev.systech.ssdev.ca\/#organization"},"potentialAction":[{"@type":"SearchAction","target":{"@type":"EntryPoint","urlTemplate":"https:\/\/dev.systech.ssdev.ca\/?s={search_term_string}"},"query-input":{"@type":"PropertyValueSpecification","valueRequired":true,"valueName":"search_term_string"}}],"inLanguage":"de"},{"@type":"Organization","@id":"https:\/\/dev.systech.ssdev.ca\/#organization","name":"Systech International","url":"https:\/\/dev.systech.ssdev.ca\/","logo":{"@type":"ImageObject","inLanguage":"de","@id":"https:\/\/dev.systech.ssdev.ca\/#\/schema\/logo\/image\/","url":"https:\/\/https:\/\/dev.systech.ssdev.ca\/wp-content\/uploads\/2018\/04\/systech-logo.png","contentUrl":"https:\/\/https:\/\/dev.systech.ssdev.ca\/wp-content\/uploads\/2018\/04\/systech-logo.png","width":551,"height":124,"caption":"Systech International"},"image":{"@id":"https:\/\/dev.systech.ssdev.ca\/#\/schema\/logo\/image\/"},"sameAs":["https:\/\/www.facebook.com\/systechone\/","https:\/\/x.com\/systechone","https:\/\/www.linkedin.com\/company\/systech-international","https:\/\/www.youtube.com\/channel\/UC1fz6UKo5eMa1WxgVMGRhpA\/videos"]}]}},"_links":{"self":[{"href":"https:\/\/dev.systech.ssdev.ca\/de\/wp-json\/wp\/v2\/pages\/17876","targetHints":{"allow":["GET"]}}],"collection":[{"href":"https:\/\/dev.systech.ssdev.ca\/de\/wp-json\/wp\/v2\/pages"}],"about":[{"href":"https:\/\/dev.systech.ssdev.ca\/de\/wp-json\/wp\/v2\/types\/page"}],"author":[{"embeddable":true,"href":"https:\/\/dev.systech.ssdev.ca\/de\/wp-json\/wp\/v2\/users\/26"}],"replies":[{"embeddable":true,"href":"https:\/\/dev.systech.ssdev.ca\/de\/wp-json\/wp\/v2\/comments?post=17876"}],"version-history":[{"count":0,"href":"https:\/\/dev.systech.ssdev.ca\/de\/wp-json\/wp\/v2\/pages\/17876\/revisions"}],"up":[{"embeddable":true,"href":"https:\/\/dev.systech.ssdev.ca\/de\/wp-json\/wp\/v2\/pages\/4824"}],"wp:attachment":[{"href":"https:\/\/dev.systech.ssdev.ca\/de\/wp-json\/wp\/v2\/media?parent=17876"}],"curies":[{"name":"wp","href":"https:\/\/api.w.org\/{rel}","templated":true}]}}