{"id":17876,"date":"2023-07-13T23:14:09","date_gmt":"2023-07-14T03:14:09","guid":{"rendered":"https:\/\/https:\/\/dev.systech.ssdev.ca\/?page_id=17876"},"modified":"2024-11-14T13:39:49","modified_gmt":"2024-11-14T18:39:49","slug":"mission-values","status":"publish","type":"page","link":"https:\/\/dev.systech.ssdev.ca\/fr\/about\/mission-values\/","title":{"rendered":"\u00c0 propos de nous"},"content":{"rendered":"<div data-elementor-type=\"wp-page\" data-elementor-id=\"17876\" class=\"elementor elementor-17876\" data-elementor-post-type=\"page\">\n\t\t\t\t<div data-dce-background-color=\"#54585926\" class=\"elementor-element elementor-element-d3213aa e-flex e-con-boxed e-con e-parent\" data-id=\"d3213aa\" data-element_type=\"container\" data-settings=\"{&quot;background_background&quot;:&quot;classic&quot;}\">\n\t\t\t\t\t<div class=\"e-con-inner\">\n\t\t<div class=\"elementor-element elementor-element-1bd33cb e-con-full e-flex e-con e-child\" data-id=\"1bd33cb\" data-element_type=\"container\" data-settings=\"{&quot;background_background&quot;:&quot;classic&quot;}\">\n\t\t\t\t<div class=\"elementor-element elementor-element-f69be67 elementor-absolute elementor-hidden-mobile elementor-hidden-desktop elementor-hidden-tablet elementor-widget elementor-widget-global elementor-global-19140 elementor-widget-breadcrumbs\" data-id=\"f69be67\" data-element_type=\"widget\" data-settings=\"{&quot;_position&quot;:&quot;absolute&quot;}\" data-widget_type=\"breadcrumbs.default\">\n\t\t\t\t<div class=\"elementor-widget-container\">\n\t\t\t\t\t<p id=\"breadcrumbs\"><span><span><a href=\"https:\/\/dev.systech.ssdev.ca\/fr\/\">Home<\/a><\/span><\/span><\/p>\t\t\t\t<\/div>\n\t\t\t\t<\/div>\n\t\t\t\t<div class=\"elementor-element elementor-element-49ec814 elementor-widget elementor-widget-heading\" data-id=\"49ec814\" data-element_type=\"widget\" data-widget_type=\"heading.default\">\n\t\t\t\t<div class=\"elementor-widget-container\">\n\t\t\t\t\t<h1 class=\"elementor-heading-title elementor-size-default\">\u00c0 propos de nous<\/h1>\t\t\t\t<\/div>\n\t\t\t\t<\/div>\n\t\t\t\t<div class=\"elementor-element elementor-element-ea5a66a elementor-widget elementor-widget-text-editor\" data-id=\"ea5a66a\" data-element_type=\"widget\" data-widget_type=\"text-editor.default\">\n\t\t\t\t<div class=\"elementor-widget-container\">\n\t\t\t\t\t\t\t\t\t<p>Fond\u00e9e en 1985, Systech est leader dans la fourniture de solutions num\u00e9riques d\u2019identification et de tra\u00e7abilit\u00e9. Nos solutions garantissent l\u2019int\u00e9grit\u00e9 des donn\u00e9es, assure la connectivit\u00e9 num\u00e9rique et permet une vision en temps r\u00e9el sur la cha\u00eene de conditionnement, tout au long de la cha\u00eene logistique et jusqu\u2019aux mains du consommateur.<\/p>\t\t\t\t\t\t\t\t<\/div>\n\t\t\t\t<\/div>\n\t\t\t\t<\/div>\n\t\t<div data-dce-background-image-url=\"https:\/\/staging.systech.ssdev.ca\/wp-content\/uploads\/2023\/09\/line-element.svg\" class=\"elementor-element elementor-element-01bec94 e-con-full elementor-hidden-tablet elementor-hidden-mobile e-flex e-con e-child\" data-id=\"01bec94\" data-element_type=\"container\" data-settings=\"{&quot;background_background&quot;:&quot;classic&quot;,&quot;position&quot;:&quot;absolute&quot;}\">\n\t\t\t\t<\/div>\n\t\t\t\t\t<\/div>\n\t\t\t\t<\/div>\n\t\t<div class=\"elementor-element elementor-element-d9be658 e-flex e-con-boxed e-con e-parent\" data-id=\"d9be658\" data-element_type=\"container\">\n\t\t\t\t\t<div class=\"e-con-inner\">\n\t\t<div class=\"elementor-element elementor-element-85021c9 e-con-full e-flex e-con e-child\" data-id=\"85021c9\" data-element_type=\"container\">\n\t\t\t\t<div class=\"elementor-element elementor-element-284924e elementor-widget elementor-widget-heading\" data-id=\"284924e\" data-element_type=\"widget\" data-widget_type=\"heading.default\">\n\t\t\t\t<div class=\"elementor-widget-container\">\n\t\t\t\t\t<h3 class=\"elementor-heading-title elementor-size-default\">R\u00e9soudre les probl\u00e8mes est notre m\u00e9tier<\/h3>\t\t\t\t<\/div>\n\t\t\t\t<\/div>\n\t\t\t\t<div class=\"elementor-element elementor-element-d4dc5ef elementor-widget elementor-widget-text-editor\" data-id=\"d4dc5ef\" data-element_type=\"widget\" data-widget_type=\"text-editor.default\">\n\t\t\t\t<div class=\"elementor-widget-container\">\n\t\t\t\t\t\t\t\t\t<p>L\u2019innovation est profond\u00e9ment ancr\u00e9e dans notre ADN \u2014 depuis nos d\u00e9buts dans le domaine de la vision industrielle avanc\u00e9e jusqu\u2019\u00e0 notre r\u00f4le de pionniers dans la s\u00e9rialisation et les bouleversements de la tra\u00e7abilit\u00e9 et de l\u2019authentification de la cha\u00eene logistique. Nous savons \u00e0 quel point il est important de repousser sans cesse les limites de la technologie afin de proposer des solutions logicielles exhaustives, faciles \u00e0 configurer et cl\u00e9 en main.<\/p>\n<p>D\u00e9ploy\u00e9e \u00e0 travers des milliers de mises en \u0153uvre, notre plateforme compl\u00e8te permet aux clients de savoir ce qu\u2019il advient d\u2019un produit donn\u00e9 \u00e0 chaque \u00e9tape de son parcours. Dans tous les secteurs, les marques mondiales font confiance \u00e0 Systech pour les aider \u00e0 atteindre leurs objectifs de conformit\u00e9, de r\u00e9silience, de d\u00e9veloppement durable et de transformation num\u00e9rique.<\/p>\t\t\t\t\t\t\t\t<\/div>\n\t\t\t\t<\/div>\n\t\t\t\t<div class=\"elementor-element elementor-element-5ea8554 elementor-widget elementor-widget-heading\" data-id=\"5ea8554\" data-element_type=\"widget\" data-widget_type=\"heading.default\">\n\t\t\t\t<div class=\"elementor-widget-container\">\n\t\t\t\t\t<h3 class=\"elementor-heading-title elementor-size-default\">Normes et certifications<\/h3>\t\t\t\t<\/div>\n\t\t\t\t<\/div>\n\t\t\t\t<div class=\"elementor-element elementor-element-4a5f038 elementor-widget elementor-widget-text-editor\" data-id=\"4a5f038\" data-element_type=\"widget\" data-widget_type=\"text-editor.default\">\n\t\t\t\t<div class=\"elementor-widget-container\">\n\t\t\t\t\t\t\t\t\t<p>Systech s\u2019engage \u00e0 fournir \u00e0 ses clients des produits et des services de qualit\u00e9 exceptionnelle \u00e0 l\u2019\u00e9chelle mondiale.  \u00c0 ce titre, nous avons soumis notre organisation et bon nombre de nos produits \u00e0 des audits approfondis r\u00e9alis\u00e9s par des tiers et n\u00e9cessaires pour r\u00e9pondre aux normes et certifications du secteur, notamment ISO 9001:2015, System and Organization Controls (SOC) 2\u00ae Type I et NOM-019-SCFI-1998.<\/p>\t\t\t\t\t\t\t\t<\/div>\n\t\t\t\t<\/div>\n\t\t\t\t<div class=\"elementor-element elementor-element-c50f0ba elementor-widget elementor-widget-gallery\" data-id=\"c50f0ba\" data-element_type=\"widget\" data-settings=\"{&quot;columns&quot;:3,&quot;aspect_ratio&quot;:&quot;1:1&quot;,&quot;lazyload&quot;:&quot;yes&quot;,&quot;gallery_layout&quot;:&quot;grid&quot;,&quot;columns_tablet&quot;:2,&quot;columns_mobile&quot;:1,&quot;gap&quot;:{&quot;unit&quot;:&quot;px&quot;,&quot;size&quot;:10,&quot;sizes&quot;:[]},&quot;gap_tablet&quot;:{&quot;unit&quot;:&quot;px&quot;,&quot;size&quot;:10,&quot;sizes&quot;:[]},&quot;gap_mobile&quot;:{&quot;unit&quot;:&quot;px&quot;,&quot;size&quot;:10,&quot;sizes&quot;:[]},&quot;overlay_background&quot;:&quot;yes&quot;,&quot;content_hover_animation&quot;:&quot;fade-in&quot;}\" data-widget_type=\"gallery.default\">\n\t\t\t\t<div class=\"elementor-widget-container\">\n\t\t\t\t\t\t\t<div class=\"elementor-gallery__container\">\n\t\t\t\t\t\t\t<div class=\"e-gallery-item elementor-gallery-item elementor-animated-content\">\n\t\t\t\t\t<div class=\"e-gallery-image elementor-gallery-item__image\" data-thumbnail=\"https:\/\/dev.systech.ssdev.ca\/wp-content\/uploads\/2023\/07\/TUVSUD-ISO-MARK.gif\" data-width=\"177\" data-height=\"177\" aria-label=\"\" role=\"img\" ><\/div>\n\t\t\t\t\t\t\t\t\t\t\t<div class=\"elementor-gallery-item__overlay\"><\/div>\n\t\t\t\t\t\t\t\t\t\t\t\t\t\t<\/div>\n\t\t\t\t\t\t\t<div class=\"e-gallery-item elementor-gallery-item elementor-animated-content\">\n\t\t\t\t\t<div class=\"e-gallery-image elementor-gallery-item__image\" data-thumbnail=\"https:\/\/dev.systech.ssdev.ca\/wp-content\/uploads\/2023\/07\/SOC.png\" data-width=\"400\" data-height=\"400\" aria-label=\"\" role=\"img\" ><\/div>\n\t\t\t\t\t\t\t\t\t\t\t<div class=\"elementor-gallery-item__overlay\"><\/div>\n\t\t\t\t\t\t\t\t\t\t\t\t\t\t<\/div>\n\t\t\t\t\t\t\t<div class=\"e-gallery-item elementor-gallery-item elementor-animated-content\">\n\t\t\t\t\t<div class=\"e-gallery-image elementor-gallery-item__image\" data-thumbnail=\"https:\/\/dev.systech.ssdev.ca\/wp-content\/uploads\/2023\/07\/Norma_Oficial_Mexicana_logo.png\" data-width=\"197\" data-height=\"198\" aria-label=\"\" role=\"img\" ><\/div>\n\t\t\t\t\t\t\t\t\t\t\t<div class=\"elementor-gallery-item__overlay\"><\/div>\n\t\t\t\t\t\t\t\t\t\t\t\t\t\t<\/div>\n\t\t\t\t\t<\/div>\n\t\t\t\t\t<\/div>\n\t\t\t\t<\/div>\n\t\t\t\t<\/div>\n\t\t<div class=\"elementor-element elementor-element-ba7e1a6 e-con-full e-flex e-con e-child\" data-id=\"ba7e1a6\" data-element_type=\"container\">\n\t\t\t\t<div class=\"elementor-element elementor-element-6daef82 elementor-widget elementor-widget-heading\" data-id=\"6daef82\" data-element_type=\"widget\" data-widget_type=\"heading.default\">\n\t\t\t\t<div class=\"elementor-widget-container\">\n\t\t\t\t\t<h3 class=\"elementor-heading-title elementor-size-default\">Nos valeurs<\/h3>\t\t\t\t<\/div>\n\t\t\t\t<\/div>\n\t\t\t\t<div class=\"elementor-element elementor-element-c7237a2 elementor-widget elementor-widget-text-editor\" data-id=\"c7237a2\" data-element_type=\"widget\" data-widget_type=\"text-editor.default\">\n\t\t\t\t<div class=\"elementor-widget-container\">\n\t\t\t\t\t\t\t\t\t<p><strong>Esprit d\u2019entreprise et de collaboration<\/strong><br \/>Nous agissons en tant qu\u2019entrepreneurs et travaillons ensemble pour tirer parti de notre envergure et de nos ressources en notre qualit\u00e9 d\u2019entreprise mondiale.<\/p><p><strong>Gagner gr\u00e2ce \u00e0 nos clients<\/strong><br \/>C\u2019est se passionner pour la r\u00e9ussite de nos clients, car nous savons que lorsqu\u2019ils gagnent, nous gagnons aussi.<\/p><p><strong>Normes \u00e9thiques strictes, ouverture et confiance<\/strong><br \/>Il s\u2019agit de se faire confiance et de se respecter mutuellement, d\u2019\u00eatre honn\u00eate et sinc\u00e8re.<\/p><p><strong>Attentes en mati\u00e8re de r\u00e9sultats<\/strong><br \/>Nous fixons des buts, des cibles et des objectifs pour nous-m\u00eames et pour notre organisation et nous mettons tout en \u0153uvre pour les atteindre.<\/p><p><strong>Respecter et valoriser les personnes<\/strong><br \/>Nous consid\u00e9rons les personnes comme des individus m\u00e9ritant le respect, la motivation et l\u2019inspiration.<\/p><p class=\"translation-block\">Systech est une marque phare de  <a href=\"https:\/\/www.markem-imaje.com\/\" target=\"_blank\" rel=\"noopener\">Markem-Imaje<\/a>, une filiale \u00e0 100 % de  <a href=\"https:\/\/www.dovercorporation.com\/\" target=\"_blank\" rel=\"noopener\">Dover Corporation<\/a>. Markem-Imaje fournit des solutions mondiales d\u2019identification des produits, d\u2019intelligence de conditionnement et de produits connect\u00e9s.<\/p>\t\t\t\t\t\t\t\t<\/div>\n\t\t\t\t<\/div>\n\t\t\t\t<\/div>\n\t\t\t\t\t<\/div>\n\t\t\t\t<\/div>\n\t\t\t\t<\/div>","protected":false},"excerpt":{"rendered":"<p>Who we are Established in 1985, Systech is the leader in providing digital identification and traceability solutions. Our offerings establish essential product data, ensure digital connectivity and enable real-time insights\u2014on the packaging line, throughout the supply chain and into the consumer\u2019s hands. Systech is reliability Innovation is in our DNA\u2014from our start-up roots in advanced [&hellip;]<\/p>","protected":false},"author":26,"featured_media":0,"parent":4824,"menu_order":0,"comment_status":"closed","ping_status":"closed","template":"","meta":{"_acf_changed":false,"content-type":"","footnotes":""},"class_list":["post-17876","page","type-page","status-publish","hentry"],"acf":[],"yoast_head":"<!-- This site is optimized with the Yoast SEO plugin v25.1 - https:\/\/yoast.com\/wordpress\/plugins\/seo\/ -->\n<title>Mission \u2502 Values \u2502Systech \u2502Systech One \u2502Systech Only One<\/title>\n<meta name=\"description\" content=\"As a pioneer, Systech knows that the world is changing and that we must continue to innovate to meet and exceed the needs of our customers and yours.\" \/>\n<meta name=\"robots\" content=\"index, follow, max-snippet:-1, max-image-preview:large, max-video-preview:-1\" \/>\n<link rel=\"canonical\" href=\"https:\/\/dev.systech.ssdev.ca\/fr\/about\/mission-values\/\" \/>\n<meta property=\"og:locale\" content=\"fr_FR\" \/>\n<meta property=\"og:type\" content=\"article\" \/>\n<meta property=\"og:title\" content=\"Mission \u2502 Values \u2502Systech \u2502Systech One \u2502Systech Only One\" \/>\n<meta property=\"og:description\" content=\"As a pioneer, Systech knows that the world is changing and that we must continue to innovate to meet and exceed the needs of our customers and yours.\" \/>\n<meta property=\"og:url\" content=\"https:\/\/dev.systech.ssdev.ca\/fr\/about\/mission-values\/\" \/>\n<meta property=\"og:site_name\" content=\"Systech\" \/>\n<meta property=\"article:publisher\" content=\"https:\/\/www.facebook.com\/systechone\/\" \/>\n<meta property=\"article:modified_time\" content=\"2024-11-14T18:39:49+00:00\" \/>\n<meta property=\"og:image\" content=\"https:\/\/staging.systech.ssdev.ca\/wp-content\/uploads\/2024\/05\/systech-video-thumbnail-play.png\" \/>\n<meta name=\"twitter:card\" content=\"summary_large_image\" \/>\n<meta name=\"twitter:site\" content=\"@systechone\" \/>\n<meta name=\"twitter:label1\" content=\"Dur\u00e9e de lecture estim\u00e9e\" \/>\n\t<meta name=\"twitter:data1\" content=\"4 minutes\" \/>\n<script type=\"application\/ld+json\" class=\"yoast-schema-graph\">{\"@context\":\"https:\/\/schema.org\",\"@graph\":[{\"@type\":\"WebPage\",\"@id\":\"https:\/\/dev.systech.ssdev.ca\/about\/mission-values\/\",\"url\":\"https:\/\/dev.systech.ssdev.ca\/about\/mission-values\/\",\"name\":\"Mission \u2502 Values \u2502Systech \u2502Systech One \u2502Systech Only One\",\"isPartOf\":{\"@id\":\"https:\/\/dev.systech.ssdev.ca\/#website\"},\"primaryImageOfPage\":{\"@id\":\"https:\/\/dev.systech.ssdev.ca\/about\/mission-values\/#primaryimage\"},\"image\":{\"@id\":\"https:\/\/dev.systech.ssdev.ca\/about\/mission-values\/#primaryimage\"},\"thumbnailUrl\":\"https:\/\/https:\/\/dev.systech.ssdev.ca\/wp-content\/uploads\/2024\/05\/systech-video-thumbnail-play.png\",\"datePublished\":\"2023-07-14T03:14:09+00:00\",\"dateModified\":\"2024-11-14T18:39:49+00:00\",\"description\":\"As a pioneer, Systech knows that the world is changing and that we must continue to innovate to meet and exceed the needs of our customers and yours.\",\"breadcrumb\":{\"@id\":\"https:\/\/dev.systech.ssdev.ca\/about\/mission-values\/#breadcrumb\"},\"inLanguage\":\"fr-FR\",\"potentialAction\":[{\"@type\":\"ReadAction\",\"target\":[\"https:\/\/dev.systech.ssdev.ca\/about\/mission-values\/\"]}]},{\"@type\":\"ImageObject\",\"inLanguage\":\"fr-FR\",\"@id\":\"https:\/\/dev.systech.ssdev.ca\/about\/mission-values\/#primaryimage\",\"url\":\"https:\/\/https:\/\/dev.systech.ssdev.ca\/wp-content\/uploads\/2024\/05\/systech-video-thumbnail-play.png\",\"contentUrl\":\"https:\/\/https:\/\/dev.systech.ssdev.ca\/wp-content\/uploads\/2024\/05\/systech-video-thumbnail-play.png\"},{\"@type\":\"BreadcrumbList\",\"@id\":\"https:\/\/dev.systech.ssdev.ca\/about\/mission-values\/#breadcrumb\",\"itemListElement\":[{\"@type\":\"ListItem\",\"position\":1,\"name\":\"Home\",\"item\":\"https:\/\/dev.systech.ssdev.ca\/\"},{\"@type\":\"ListItem\",\"position\":2,\"name\":\"About\",\"item\":\"https:\/\/dev.systech.ssdev.ca\/about\/\"},{\"@type\":\"ListItem\",\"position\":3,\"name\":\"Who we are\"}]},{\"@type\":\"WebSite\",\"@id\":\"https:\/\/dev.systech.ssdev.ca\/#website\",\"url\":\"https:\/\/dev.systech.ssdev.ca\/\",\"name\":\"Systech\",\"description\":\"a solutions division of Markem-Imaje\",\"publisher\":{\"@id\":\"https:\/\/dev.systech.ssdev.ca\/#organization\"},\"potentialAction\":[{\"@type\":\"SearchAction\",\"target\":{\"@type\":\"EntryPoint\",\"urlTemplate\":\"https:\/\/dev.systech.ssdev.ca\/?s={search_term_string}\"},\"query-input\":{\"@type\":\"PropertyValueSpecification\",\"valueRequired\":true,\"valueName\":\"search_term_string\"}}],\"inLanguage\":\"fr-FR\"},{\"@type\":\"Organization\",\"@id\":\"https:\/\/dev.systech.ssdev.ca\/#organization\",\"name\":\"Systech International\",\"url\":\"https:\/\/dev.systech.ssdev.ca\/\",\"logo\":{\"@type\":\"ImageObject\",\"inLanguage\":\"fr-FR\",\"@id\":\"https:\/\/dev.systech.ssdev.ca\/#\/schema\/logo\/image\/\",\"url\":\"https:\/\/https:\/\/dev.systech.ssdev.ca\/wp-content\/uploads\/2018\/04\/systech-logo.png\",\"contentUrl\":\"https:\/\/https:\/\/dev.systech.ssdev.ca\/wp-content\/uploads\/2018\/04\/systech-logo.png\",\"width\":551,\"height\":124,\"caption\":\"Systech International\"},\"image\":{\"@id\":\"https:\/\/dev.systech.ssdev.ca\/#\/schema\/logo\/image\/\"},\"sameAs\":[\"https:\/\/www.facebook.com\/systechone\/\",\"https:\/\/x.com\/systechone\",\"https:\/\/www.linkedin.com\/company\/systech-international\",\"https:\/\/www.youtube.com\/channel\/UC1fz6UKo5eMa1WxgVMGRhpA\/videos\"]}]}<\/script>\n<!-- \/ Yoast SEO plugin. -->","yoast_head_json":{"title":"Mission \u2502 Values \u2502Systech \u2502Systech One \u2502Systech Only One","description":"As a pioneer, Systech knows that the world is changing and that we must continue to innovate to meet and exceed the needs of our customers and yours.","robots":{"index":"index","follow":"follow","max-snippet":"max-snippet:-1","max-image-preview":"max-image-preview:large","max-video-preview":"max-video-preview:-1"},"canonical":"https:\/\/dev.systech.ssdev.ca\/fr\/about\/mission-values\/","og_locale":"fr_FR","og_type":"article","og_title":"Mission \u2502 Values \u2502Systech \u2502Systech One \u2502Systech Only One","og_description":"As a pioneer, Systech knows that the world is changing and that we must continue to innovate to meet and exceed the needs of our customers and yours.","og_url":"https:\/\/dev.systech.ssdev.ca\/fr\/about\/mission-values\/","og_site_name":"Systech","article_publisher":"https:\/\/www.facebook.com\/systechone\/","article_modified_time":"2024-11-14T18:39:49+00:00","og_image":[{"url":"https:\/\/staging.systech.ssdev.ca\/wp-content\/uploads\/2024\/05\/systech-video-thumbnail-play.png","type":"","width":"","height":""}],"twitter_card":"summary_large_image","twitter_site":"@systechone","twitter_misc":{"Dur\u00e9e de lecture estim\u00e9e":"4 minutes"},"schema":{"@context":"https:\/\/schema.org","@graph":[{"@type":"WebPage","@id":"https:\/\/dev.systech.ssdev.ca\/about\/mission-values\/","url":"https:\/\/dev.systech.ssdev.ca\/about\/mission-values\/","name":"Mission \u2502 Values \u2502Systech \u2502Systech One \u2502Systech Only One","isPartOf":{"@id":"https:\/\/dev.systech.ssdev.ca\/#website"},"primaryImageOfPage":{"@id":"https:\/\/dev.systech.ssdev.ca\/about\/mission-values\/#primaryimage"},"image":{"@id":"https:\/\/dev.systech.ssdev.ca\/about\/mission-values\/#primaryimage"},"thumbnailUrl":"https:\/\/https:\/\/dev.systech.ssdev.ca\/wp-content\/uploads\/2024\/05\/systech-video-thumbnail-play.png","datePublished":"2023-07-14T03:14:09+00:00","dateModified":"2024-11-14T18:39:49+00:00","description":"As a pioneer, Systech knows that the world is changing and that we must continue to innovate to meet and exceed the needs of our customers and yours.","breadcrumb":{"@id":"https:\/\/dev.systech.ssdev.ca\/about\/mission-values\/#breadcrumb"},"inLanguage":"fr-FR","potentialAction":[{"@type":"ReadAction","target":["https:\/\/dev.systech.ssdev.ca\/about\/mission-values\/"]}]},{"@type":"ImageObject","inLanguage":"fr-FR","@id":"https:\/\/dev.systech.ssdev.ca\/about\/mission-values\/#primaryimage","url":"https:\/\/https:\/\/dev.systech.ssdev.ca\/wp-content\/uploads\/2024\/05\/systech-video-thumbnail-play.png","contentUrl":"https:\/\/https:\/\/dev.systech.ssdev.ca\/wp-content\/uploads\/2024\/05\/systech-video-thumbnail-play.png"},{"@type":"BreadcrumbList","@id":"https:\/\/dev.systech.ssdev.ca\/about\/mission-values\/#breadcrumb","itemListElement":[{"@type":"ListItem","position":1,"name":"Home","item":"https:\/\/dev.systech.ssdev.ca\/"},{"@type":"ListItem","position":2,"name":"About","item":"https:\/\/dev.systech.ssdev.ca\/about\/"},{"@type":"ListItem","position":3,"name":"Who we are"}]},{"@type":"WebSite","@id":"https:\/\/dev.systech.ssdev.ca\/#website","url":"https:\/\/dev.systech.ssdev.ca\/","name":"Systech","description":"a solutions division of Markem-Imaje","publisher":{"@id":"https:\/\/dev.systech.ssdev.ca\/#organization"},"potentialAction":[{"@type":"SearchAction","target":{"@type":"EntryPoint","urlTemplate":"https:\/\/dev.systech.ssdev.ca\/?s={search_term_string}"},"query-input":{"@type":"PropertyValueSpecification","valueRequired":true,"valueName":"search_term_string"}}],"inLanguage":"fr-FR"},{"@type":"Organization","@id":"https:\/\/dev.systech.ssdev.ca\/#organization","name":"Systech International","url":"https:\/\/dev.systech.ssdev.ca\/","logo":{"@type":"ImageObject","inLanguage":"fr-FR","@id":"https:\/\/dev.systech.ssdev.ca\/#\/schema\/logo\/image\/","url":"https:\/\/https:\/\/dev.systech.ssdev.ca\/wp-content\/uploads\/2018\/04\/systech-logo.png","contentUrl":"https:\/\/https:\/\/dev.systech.ssdev.ca\/wp-content\/uploads\/2018\/04\/systech-logo.png","width":551,"height":124,"caption":"Systech International"},"image":{"@id":"https:\/\/dev.systech.ssdev.ca\/#\/schema\/logo\/image\/"},"sameAs":["https:\/\/www.facebook.com\/systechone\/","https:\/\/x.com\/systechone","https:\/\/www.linkedin.com\/company\/systech-international","https:\/\/www.youtube.com\/channel\/UC1fz6UKo5eMa1WxgVMGRhpA\/videos"]}]}},"_links":{"self":[{"href":"https:\/\/dev.systech.ssdev.ca\/fr\/wp-json\/wp\/v2\/pages\/17876","targetHints":{"allow":["GET"]}}],"collection":[{"href":"https:\/\/dev.systech.ssdev.ca\/fr\/wp-json\/wp\/v2\/pages"}],"about":[{"href":"https:\/\/dev.systech.ssdev.ca\/fr\/wp-json\/wp\/v2\/types\/page"}],"author":[{"embeddable":true,"href":"https:\/\/dev.systech.ssdev.ca\/fr\/wp-json\/wp\/v2\/users\/26"}],"replies":[{"embeddable":true,"href":"https:\/\/dev.systech.ssdev.ca\/fr\/wp-json\/wp\/v2\/comments?post=17876"}],"version-history":[{"count":0,"href":"https:\/\/dev.systech.ssdev.ca\/fr\/wp-json\/wp\/v2\/pages\/17876\/revisions"}],"up":[{"embeddable":true,"href":"https:\/\/dev.systech.ssdev.ca\/fr\/wp-json\/wp\/v2\/pages\/4824"}],"wp:attachment":[{"href":"https:\/\/dev.systech.ssdev.ca\/fr\/wp-json\/wp\/v2\/media?parent=17876"}],"curies":[{"name":"wp","href":"https:\/\/api.w.org\/{rel}","templated":true}]}}