{"id":30553,"date":"2024-12-06T13:38:09","date_gmt":"2024-12-06T18:38:09","guid":{"rendered":"https:\/\/staging.systech.ssdev.ca\/cookie-policy-2\/"},"modified":"2024-12-06T15:34:58","modified_gmt":"2024-12-06T20:34:58","slug":"impressum","status":"publish","type":"page","link":"https:\/\/dev.systech.ssdev.ca\/fr\/impressum\/","title":{"rendered":"Impressum"},"content":{"rendered":"<div data-elementor-type=\"wp-page\" data-elementor-id=\"30553\" class=\"elementor elementor-30553\" data-elementor-post-type=\"page\">\n\t\t\t\t<div class=\"elementor-element elementor-element-566169b e-flex e-con-boxed e-con e-parent\" data-id=\"566169b\" data-element_type=\"container\">\n\t\t\t\t\t<div class=\"e-con-inner\">\n\t\t<div class=\"elementor-element elementor-element-aa219d8 e-con-full e-flex e-con e-child\" data-id=\"aa219d8\" data-element_type=\"container\">\n\t\t\t\t<div class=\"elementor-element elementor-element-e97e382 elementor-widget elementor-widget-heading\" data-id=\"e97e382\" data-element_type=\"widget\" data-widget_type=\"heading.default\">\n\t\t\t\t<div class=\"elementor-widget-container\">\n\t\t\t\t\t<h1 class=\"elementor-heading-title elementor-size-default\">Impressum<\/h1>\t\t\t\t<\/div>\n\t\t\t\t<\/div>\n\t\t\t\t<div class=\"elementor-element elementor-element-9383aba elementor-widget elementor-widget-text-editor\" data-id=\"9383aba\" data-element_type=\"widget\" data-widget_type=\"text-editor.default\">\n\t\t\t\t<div class=\"elementor-widget-container\">\n\t\t\t\t\t\t\t\t\t<p>Angaben gem\u00e4\u00df \u00a7 5 DDG:<br \/>\u00a0<br \/><strong>Name des Anbieters:<\/strong><br \/>Pharmacontrol Electronic GmbH<br \/>\u00a0<br \/><strong>Anschrift:<\/strong><br \/>Harzstr. 1, 64646 Heppenheim, Germany<br \/>\u00a0<br \/><strong>Kontakt:<\/strong><br \/>Telefon: +49 6252 6736 0<br \/>Fax: +49 6252 6736 111<br \/>Email: pce-info@systechone.com<br \/>\u00a0<br \/><strong>Registereintrag:<\/strong><br \/>Eintragung im Handelsregister.<br \/>Registergericht: Amtsgericht Darmstadt<br \/>Registernummer: HRB 25849<br \/>\u00a0<br \/>Umsatzsteuer-Identifikationsnummer gem\u00e4\u00df \u00a7 27a Umsatzsteuergesetz:<br \/>DE 113\u00a0 577 345<br \/>\u00a0<br \/><strong>Vertreten durch:<\/strong><br \/>Sreedhar Patnala (Gesch\u00e4ftsf\u00fchrer)<br \/>\u00a0<br \/><strong>Angaben gem\u00e4\u00df \u00a7 18 Abs. 2 MStV:<\/strong><br \/>\u00a0<br \/><strong>Verantwortlich f\u00fcr den Inhalt nach \u00a7 18 Abs. 2 MStV:<\/strong><br \/>Adresse: Systech International (Data Protection Officer), 214 Carnegie Center, Suite 101, Princeton, NJ 0854, USA<\/p><p>Email: privacy@markem-imaje.com<br \/>\u00a0<br \/><strong>Hinweis auf EU-Streitschlichtung:<\/strong><br \/>\u00a0<br \/>Die Europ\u00e4ische Kommission stellt eine Plattform zur Online-Streitbeilegung (OS) bereit:<br \/>\u00a0<a href=\"https:\/\/ec.europa.eu\/consumers\/odr\">https:\/\/ec.europa.eu\/consumers\/odr<\/a>.<br \/>\u00a0<br \/><strong>Haftungsausschluss (Disclaimer):<\/strong><br \/><strong>\u00a0<\/strong><br \/><strong>Haftung f\u00fcr Inhalte:<\/strong><br \/>Als Diensteanbieter sind wir gem\u00e4\u00df \u00a7 7 Abs.1 DDG f\u00fcr eigene Inhalte auf diesen Seiten nach den allgemeinen Gesetzen verantwortlich. Nach \u00a7\u00a7 8 bis 10 DDG sind wir als Diensteanbieter jedoch nicht verpflichtet, \u00fcbermittelte oder gespeicherte fremde Informationen zu \u00fcberwachen oder nach Umst\u00e4nden zu forschen, die auf eine rechtswidrige T\u00e4tigkeit hinweisen. Verpflichtungen zur Entfernung oder Sperrung der Nutzung von Informationen nach den allgemeinen Gesetzen bleiben hiervon unber\u00fchrt. Eine diesbez\u00fcgliche Haftung ist jedoch erst ab dem Zeitpunkt der Kenntnis einer konkreten Rechtsverletzung m\u00f6glich. Bei Bekanntwerden von entsprechenden Rechtsverletzungen werden wir diese Inhalte umgehend entfernen.<br \/>\u00a0<br \/><strong>Haftung f\u00fcr Links:<\/strong><br \/>Unser Angebot enth\u00e4lt Links zu externen Websites Dritter, auf deren Inhalte wir keinen Einfluss haben. Deshalb k\u00f6nnen wir f\u00fcr diese fremden Inhalte auch keine Gew\u00e4hr \u00fcbernehmen. F\u00fcr die Inhalte der verlinkten Seiten ist stets der jeweilige Anbieter oder Betreiber der Seiten verantwortlich. Die verlinkten Seiten wurden zum Zeitpunkt der Verlinkung auf m\u00f6gliche Rechtsverst\u00f6\u00dfe \u00fcberpr\u00fcft. Rechtswidrige Inhalte waren zum Zeitpunkt der Verlinkung nicht erkennbar. Eine permanente inhaltliche Kontrolle der verlinkten Seiten ist jedoch ohne konkrete Anhaltspunkte einer Rechtsverletzung nicht zumutbar. Bei Bekanntwerden von Rechtsverletzungen werden wir derartige Links umgehend entfernen.<br \/>\u00a0<br \/><strong>Urheberrecht:<\/strong><br \/>Die durch die Seitenbetreiber erstellten Inhalte und Werke auf diesen Seiten unterliegen dem deutschen Urheberrecht. Die Vervielf\u00e4ltigung, Bearbeitung, Verbreitung und jede Art der Verwertung au\u00dferhalb der Grenzen des Urheberrechtes bed\u00fcrfen der schriftlichen Zustimmung des jeweiligen Autors bzw. Erstellers. Downloads und Kopien dieser Seite sind nur f\u00fcr den privaten, nicht kommerziellen Gebrauch gestattet. Soweit die Inhalte auf dieser Seite nicht vom Betreiber erstellt wurden, werden die Urheberrechte Dritter beachtet. Insbesondere werden Inhalte Dritter als solche gekennzeichnet. Sollten Sie trotzdem auf eine Urheberrechtsverletzung aufmerksam werden, bitten wir um einen entsprechenden Hinweis. Bei Bekanntwerden von Rechtsverletzungen werden wir derartige Inhalte umgehend entfernen.<br \/>\u00a0<br \/>Datenschutzerkl\u00e4rung:<br \/>Informationen zum Datenschutz finden Sie in unserer Datenschutzerkl\u00e4rung: <a href=\"https:\/\/https:\/\/dev.systech.ssdev.ca\/privacy-policy\">https:\/\/https:\/\/dev.systech.ssdev.ca\/privacy-policy<\/a><\/p><p>\u00a0<\/p><p>Kredit<\/p><p>Die Fotos stammen vom Adobe Stock, Getty Images etc.<br \/>\u00a0<br \/>Quellen:<br \/>\u00a0&#8211; Impressumspflicht: rechtssichere Pflichtangaben | eRecht24 (<a href=\"https:\/\/www.e-recht24.de\/artikel\/datenschutz\/209.html\">https:\/\/www.e-recht24.de\/artikel\/datenschutz\/209.html<\/a>)<br \/>\u00a0&#8211; Informationspflichten im Internet &#8211; Die Impressumspflicht | IHK Chemnitz (<a href=\"https:\/\/www.ihk.de\/chemnitz\/recht-und-steuern\/rechtsinformationen\/internetrecht\/pflichtangaben-im-internet-die-impressumspflicht-4401580\">https:\/\/www.ihk.de\/chemnitz\/recht-und-steuern\/rechtsinformationen\/internetrecht\/pflichtangaben-im-internet-die-impressumspflicht-4401580<\/a>)<br \/>\u00a0&#8211; Impressumspflicht bei Internetseiten | Anwalt.org (<a href=\"https:\/\/www.anwalt.org\/impressumspflicht\/\">https:\/\/www.anwalt.org\/impressumspflicht\/<\/a>)<br \/>\u00a0<br \/><br \/><\/p><p>\u00a0<\/p>\t\t\t\t\t\t\t\t<\/div>\n\t\t\t\t<\/div>\n\t\t\t\t<\/div>\n\t\t\t\t\t<\/div>\n\t\t\t\t<\/div>\n\t\t\t\t<\/div>","protected":false},"excerpt":{"rendered":"<p>Impressum Angaben gem\u00e4\u00df \u00a7 5 DDG:\u00a0Name des Anbieters:Pharmacontrol Electronic GmbH\u00a0Anschrift:Harzstr. 1, 64646 Heppenheim, Germany\u00a0Kontakt:Telefon: +49 6252 6736 0Fax: +49 6252 6736 111Email: pce-info@systechone.com\u00a0Registereintrag:Eintragung im Handelsregister.Registergericht: Amtsgericht DarmstadtRegisternummer: HRB 25849\u00a0Umsatzsteuer-Identifikationsnummer gem\u00e4\u00df \u00a7 27a Umsatzsteuergesetz:DE 113\u00a0 577 345\u00a0Vertreten durch:Sreedhar Patnala (Gesch\u00e4ftsf\u00fchrer)\u00a0Angaben gem\u00e4\u00df \u00a7 18 Abs. 2 MStV:\u00a0Verantwortlich f\u00fcr den Inhalt nach \u00a7 18 Abs. 2 MStV:Adresse: Systech [&hellip;]<\/p>","protected":false},"author":26,"featured_media":0,"parent":0,"menu_order":0,"comment_status":"closed","ping_status":"closed","template":"","meta":{"_acf_changed":false,"content-type":"","footnotes":""},"class_list":["post-30553","page","type-page","status-publish","hentry"],"acf":[],"yoast_head":"<!-- This site is optimized with the Yoast SEO plugin v25.1 - https:\/\/yoast.com\/wordpress\/plugins\/seo\/ -->\n<title>Impressum - Systech<\/title>\n<meta name=\"description\" content=\"Our Site uses cookies and\/or similar technologies such as device IDs, pixel tags and web beacons to collect and store information about you.\" \/>\n<meta name=\"robots\" content=\"index, follow, max-snippet:-1, max-image-preview:large, max-video-preview:-1\" \/>\n<link rel=\"canonical\" href=\"https:\/\/dev.systech.ssdev.ca\/fr\/impressum\/\" \/>\n<meta property=\"og:locale\" content=\"fr_FR\" \/>\n<meta property=\"og:type\" content=\"article\" \/>\n<meta property=\"og:title\" content=\"Impressum - Systech\" \/>\n<meta property=\"og:description\" content=\"Our Site uses cookies and\/or similar technologies such as device IDs, pixel tags and web beacons to collect and store information about you.\" \/>\n<meta property=\"og:url\" content=\"https:\/\/dev.systech.ssdev.ca\/fr\/impressum\/\" \/>\n<meta property=\"og:site_name\" content=\"Systech\" \/>\n<meta property=\"article:publisher\" content=\"https:\/\/www.facebook.com\/systechone\/\" \/>\n<meta property=\"article:modified_time\" content=\"2024-12-06T20:34:58+00:00\" \/>\n<meta name=\"twitter:card\" content=\"summary_large_image\" \/>\n<meta name=\"twitter:site\" content=\"@systechone\" \/>\n<meta name=\"twitter:label1\" content=\"Dur\u00e9e de lecture estim\u00e9e\" \/>\n\t<meta name=\"twitter:data1\" content=\"2 minutes\" \/>\n<script type=\"application\/ld+json\" class=\"yoast-schema-graph\">{\"@context\":\"https:\/\/schema.org\",\"@graph\":[{\"@type\":\"WebPage\",\"@id\":\"https:\/\/dev.systech.ssdev.ca\/impressum\/\",\"url\":\"https:\/\/dev.systech.ssdev.ca\/impressum\/\",\"name\":\"Impressum - Systech\",\"isPartOf\":{\"@id\":\"https:\/\/dev.systech.ssdev.ca\/#website\"},\"datePublished\":\"2024-12-06T18:38:09+00:00\",\"dateModified\":\"2024-12-06T20:34:58+00:00\",\"description\":\"Our Site uses cookies and\/or similar technologies such as device IDs, pixel tags and web beacons to collect and store information about you.\",\"breadcrumb\":{\"@id\":\"https:\/\/dev.systech.ssdev.ca\/impressum\/#breadcrumb\"},\"inLanguage\":\"fr-FR\",\"potentialAction\":[{\"@type\":\"ReadAction\",\"target\":[\"https:\/\/dev.systech.ssdev.ca\/impressum\/\"]}]},{\"@type\":\"BreadcrumbList\",\"@id\":\"https:\/\/dev.systech.ssdev.ca\/impressum\/#breadcrumb\",\"itemListElement\":[{\"@type\":\"ListItem\",\"position\":1,\"name\":\"Home\",\"item\":\"https:\/\/dev.systech.ssdev.ca\/\"},{\"@type\":\"ListItem\",\"position\":2,\"name\":\"Impressum\"}]},{\"@type\":\"WebSite\",\"@id\":\"https:\/\/dev.systech.ssdev.ca\/#website\",\"url\":\"https:\/\/dev.systech.ssdev.ca\/\",\"name\":\"Systech\",\"description\":\"a solutions division of Markem-Imaje\",\"publisher\":{\"@id\":\"https:\/\/dev.systech.ssdev.ca\/#organization\"},\"potentialAction\":[{\"@type\":\"SearchAction\",\"target\":{\"@type\":\"EntryPoint\",\"urlTemplate\":\"https:\/\/dev.systech.ssdev.ca\/?s={search_term_string}\"},\"query-input\":{\"@type\":\"PropertyValueSpecification\",\"valueRequired\":true,\"valueName\":\"search_term_string\"}}],\"inLanguage\":\"fr-FR\"},{\"@type\":\"Organization\",\"@id\":\"https:\/\/dev.systech.ssdev.ca\/#organization\",\"name\":\"Systech International\",\"url\":\"https:\/\/dev.systech.ssdev.ca\/\",\"logo\":{\"@type\":\"ImageObject\",\"inLanguage\":\"fr-FR\",\"@id\":\"https:\/\/dev.systech.ssdev.ca\/#\/schema\/logo\/image\/\",\"url\":\"https:\/\/https:\/\/dev.systech.ssdev.ca\/wp-content\/uploads\/2018\/04\/systech-logo.png\",\"contentUrl\":\"https:\/\/https:\/\/dev.systech.ssdev.ca\/wp-content\/uploads\/2018\/04\/systech-logo.png\",\"width\":551,\"height\":124,\"caption\":\"Systech International\"},\"image\":{\"@id\":\"https:\/\/dev.systech.ssdev.ca\/#\/schema\/logo\/image\/\"},\"sameAs\":[\"https:\/\/www.facebook.com\/systechone\/\",\"https:\/\/x.com\/systechone\",\"https:\/\/www.linkedin.com\/company\/systech-international\",\"https:\/\/www.youtube.com\/channel\/UC1fz6UKo5eMa1WxgVMGRhpA\/videos\"]}]}<\/script>\n<!-- \/ Yoast SEO plugin. -->","yoast_head_json":{"title":"Impressum - Systech","description":"Our Site uses cookies and\/or similar technologies such as device IDs, pixel tags and web beacons to collect and store information about you.","robots":{"index":"index","follow":"follow","max-snippet":"max-snippet:-1","max-image-preview":"max-image-preview:large","max-video-preview":"max-video-preview:-1"},"canonical":"https:\/\/dev.systech.ssdev.ca\/fr\/impressum\/","og_locale":"fr_FR","og_type":"article","og_title":"Impressum - Systech","og_description":"Our Site uses cookies and\/or similar technologies such as device IDs, pixel tags and web beacons to collect and store information about you.","og_url":"https:\/\/dev.systech.ssdev.ca\/fr\/impressum\/","og_site_name":"Systech","article_publisher":"https:\/\/www.facebook.com\/systechone\/","article_modified_time":"2024-12-06T20:34:58+00:00","twitter_card":"summary_large_image","twitter_site":"@systechone","twitter_misc":{"Dur\u00e9e de lecture estim\u00e9e":"2 minutes"},"schema":{"@context":"https:\/\/schema.org","@graph":[{"@type":"WebPage","@id":"https:\/\/dev.systech.ssdev.ca\/impressum\/","url":"https:\/\/dev.systech.ssdev.ca\/impressum\/","name":"Impressum - Systech","isPartOf":{"@id":"https:\/\/dev.systech.ssdev.ca\/#website"},"datePublished":"2024-12-06T18:38:09+00:00","dateModified":"2024-12-06T20:34:58+00:00","description":"Our Site uses cookies and\/or similar technologies such as device IDs, pixel tags and web beacons to collect and store information about you.","breadcrumb":{"@id":"https:\/\/dev.systech.ssdev.ca\/impressum\/#breadcrumb"},"inLanguage":"fr-FR","potentialAction":[{"@type":"ReadAction","target":["https:\/\/dev.systech.ssdev.ca\/impressum\/"]}]},{"@type":"BreadcrumbList","@id":"https:\/\/dev.systech.ssdev.ca\/impressum\/#breadcrumb","itemListElement":[{"@type":"ListItem","position":1,"name":"Home","item":"https:\/\/dev.systech.ssdev.ca\/"},{"@type":"ListItem","position":2,"name":"Impressum"}]},{"@type":"WebSite","@id":"https:\/\/dev.systech.ssdev.ca\/#website","url":"https:\/\/dev.systech.ssdev.ca\/","name":"Systech","description":"a solutions division of Markem-Imaje","publisher":{"@id":"https:\/\/dev.systech.ssdev.ca\/#organization"},"potentialAction":[{"@type":"SearchAction","target":{"@type":"EntryPoint","urlTemplate":"https:\/\/dev.systech.ssdev.ca\/?s={search_term_string}"},"query-input":{"@type":"PropertyValueSpecification","valueRequired":true,"valueName":"search_term_string"}}],"inLanguage":"fr-FR"},{"@type":"Organization","@id":"https:\/\/dev.systech.ssdev.ca\/#organization","name":"Systech International","url":"https:\/\/dev.systech.ssdev.ca\/","logo":{"@type":"ImageObject","inLanguage":"fr-FR","@id":"https:\/\/dev.systech.ssdev.ca\/#\/schema\/logo\/image\/","url":"https:\/\/https:\/\/dev.systech.ssdev.ca\/wp-content\/uploads\/2018\/04\/systech-logo.png","contentUrl":"https:\/\/https:\/\/dev.systech.ssdev.ca\/wp-content\/uploads\/2018\/04\/systech-logo.png","width":551,"height":124,"caption":"Systech International"},"image":{"@id":"https:\/\/dev.systech.ssdev.ca\/#\/schema\/logo\/image\/"},"sameAs":["https:\/\/www.facebook.com\/systechone\/","https:\/\/x.com\/systechone","https:\/\/www.linkedin.com\/company\/systech-international","https:\/\/www.youtube.com\/channel\/UC1fz6UKo5eMa1WxgVMGRhpA\/videos"]}]}},"_links":{"self":[{"href":"https:\/\/dev.systech.ssdev.ca\/fr\/wp-json\/wp\/v2\/pages\/30553","targetHints":{"allow":["GET"]}}],"collection":[{"href":"https:\/\/dev.systech.ssdev.ca\/fr\/wp-json\/wp\/v2\/pages"}],"about":[{"href":"https:\/\/dev.systech.ssdev.ca\/fr\/wp-json\/wp\/v2\/types\/page"}],"author":[{"embeddable":true,"href":"https:\/\/dev.systech.ssdev.ca\/fr\/wp-json\/wp\/v2\/users\/26"}],"replies":[{"embeddable":true,"href":"https:\/\/dev.systech.ssdev.ca\/fr\/wp-json\/wp\/v2\/comments?post=30553"}],"version-history":[{"count":8,"href":"https:\/\/dev.systech.ssdev.ca\/fr\/wp-json\/wp\/v2\/pages\/30553\/revisions"}],"predecessor-version":[{"id":30562,"href":"https:\/\/dev.systech.ssdev.ca\/fr\/wp-json\/wp\/v2\/pages\/30553\/revisions\/30562"}],"wp:attachment":[{"href":"https:\/\/dev.systech.ssdev.ca\/fr\/wp-json\/wp\/v2\/media?parent=30553"}],"curies":[{"name":"wp","href":"https:\/\/api.w.org\/{rel}","templated":true}]}}