{"id":4843,"date":"2018-03-28T22:00:17","date_gmt":"2018-03-28T22:00:17","guid":{"rendered":"https:\/\/https:\/\/dev.systech.ssdev.ca\/?page_id=4843"},"modified":"2024-11-14T13:44:00","modified_gmt":"2024-11-14T18:44:00","slug":"maintenance","status":"publish","type":"page","link":"https:\/\/dev.systech.ssdev.ca\/fr\/about\/centers-of-excellence\/maintenance\/","title":{"rendered":"Maintenance"},"content":{"rendered":"<div data-elementor-type=\"wp-page\" data-elementor-id=\"4843\" class=\"elementor elementor-4843\" data-elementor-post-type=\"page\">\n\t\t\t\t<div data-dce-background-color=\"#54585926\" class=\"elementor-element elementor-element-f8c10d7 e-flex e-con-boxed e-con e-parent\" data-id=\"f8c10d7\" data-element_type=\"container\" data-settings=\"{&quot;background_background&quot;:&quot;classic&quot;}\">\n\t\t\t\t\t<div class=\"e-con-inner\">\n\t\t<div class=\"elementor-element elementor-element-818297e e-con-full e-flex e-con e-child\" data-id=\"818297e\" data-element_type=\"container\" data-settings=\"{&quot;background_background&quot;:&quot;classic&quot;}\">\n\t\t\t\t<div class=\"elementor-element elementor-element-b9e69d8 elementor-absolute elementor-hidden-mobile elementor-hidden-desktop elementor-hidden-tablet elementor-widget elementor-widget-global elementor-global-19140 elementor-widget-breadcrumbs\" data-id=\"b9e69d8\" data-element_type=\"widget\" data-settings=\"{&quot;_position&quot;:&quot;absolute&quot;}\" data-widget_type=\"breadcrumbs.default\">\n\t\t\t\t<div class=\"elementor-widget-container\">\n\t\t\t\t\t<p id=\"breadcrumbs\"><span><span><a href=\"https:\/\/dev.systech.ssdev.ca\/fr\/\">Home<\/a><\/span><\/span><\/p>\t\t\t\t<\/div>\n\t\t\t\t<\/div>\n\t\t\t\t<div class=\"elementor-element elementor-element-19393c4 elementor-widget elementor-widget-heading\" data-id=\"19393c4\" data-element_type=\"widget\" data-widget_type=\"heading.default\">\n\t\t\t\t<div class=\"elementor-widget-container\">\n\t\t\t\t\t<h1 class=\"elementor-heading-title elementor-size-default\">Maintenance<\/h1>\t\t\t\t<\/div>\n\t\t\t\t<\/div>\n\t\t\t\t<div class=\"elementor-element elementor-element-2cd4ad1 elementor-widget elementor-widget-text-editor\" data-id=\"2cd4ad1\" data-element_type=\"widget\" data-widget_type=\"text-editor.default\">\n\t\t\t\t<div class=\"elementor-widget-container\">\n\t\t\t\t\t\t\t\t\t<p>La maintenance continue est essentielle pour tenir les logiciels \u00e0 jour et op\u00e9rationnels pour l\u2019usage auquel ils sont destin\u00e9s. Gr\u00e2ce \u00e0 nos plans de maintenance et d\u2019assistance, vous pouvez pr\u00e9server la valeur de votre investissement et garantir une conformit\u00e9 continue avec les diverses exigences r\u00e9glementaires.<\/p>\t\t\t\t\t\t\t\t<\/div>\n\t\t\t\t<\/div>\n\t\t\t\t<\/div>\n\t\t<div data-dce-background-image-url=\"https:\/\/staging.systech.ssdev.ca\/wp-content\/uploads\/2023\/09\/line-element.svg\" class=\"elementor-element elementor-element-991cc15 e-con-full elementor-hidden-tablet elementor-hidden-mobile e-flex e-con e-child\" data-id=\"991cc15\" data-element_type=\"container\" data-settings=\"{&quot;background_background&quot;:&quot;classic&quot;,&quot;position&quot;:&quot;absolute&quot;}\">\n\t\t\t\t<\/div>\n\t\t\t\t\t<\/div>\n\t\t\t\t<\/div>\n\t\t<div class=\"elementor-element elementor-element-9024b40 e-flex e-con-boxed e-con e-parent\" data-id=\"9024b40\" data-element_type=\"container\">\n\t\t\t\t\t<div class=\"e-con-inner\">\n\t\t<div class=\"elementor-element elementor-element-626e8c5 e-con-full e-flex e-con e-child\" data-id=\"626e8c5\" data-element_type=\"container\">\n\t\t\t\t<div class=\"elementor-element elementor-element-89c1f2f elementor-widget elementor-widget-heading\" data-id=\"89c1f2f\" data-element_type=\"widget\" data-widget_type=\"heading.default\">\n\t\t\t\t<div class=\"elementor-widget-container\">\n\t\t\t\t\t<h3 class=\"elementor-heading-title elementor-size-default\">Une assistance cibl\u00e9e<\/h3>\t\t\t\t<\/div>\n\t\t\t\t<\/div>\n\t\t\t\t<div class=\"elementor-element elementor-element-291a0b8 elementor-widget elementor-widget-text-editor\" data-id=\"291a0b8\" data-element_type=\"widget\" data-widget_type=\"text-editor.default\">\n\t\t\t\t<div class=\"elementor-widget-container\">\n\t\t\t\t\t\t\t\t\t<p>Les contrats de maintenance Systech fournissent une assistance technique et un d\u00e9pannage 24 h\/24, 7 j\/7, 365 j\/an. En cas de probl\u00e8me, nous remettons rapidement vos lignes de production en marche \u2014 en limitant les temps d\u2019arr\u00eat et l\u2019impact global.<\/p><p>Nos contrats incluent \u00e9galement les \u00e9l\u00e9ments suivants :<\/p><ul><li>Correctifs, nouvelles versions, mises \u00e0 niveau et mises \u00e0 jour des logiciels<\/li><li>Assistance et conseils sur l\u2019utilisation de nos logiciels<\/li><li>D\u00e9pannage et assistance \u00e0 distance pour toutes les nouvelles versions des logiciels<\/li><li>Assistance dans la langue locale<\/li><li>Diagnostic rapide des probl\u00e8mes, analyse des causes profondes et mesures correctives<\/li><li>Acc\u00e8s au Portail clients<\/li><li>Compte rendus d\u00e9taill\u00e9s des anomalies pour faciliter l\u2019analyse des causes profondes et la formation du personnel<\/li><\/ul>\t\t\t\t\t\t\t\t<\/div>\n\t\t\t\t<\/div>\n\t\t\t\t<\/div>\n\t\t<div class=\"elementor-element elementor-element-8f465e5 e-con-full e-flex e-con e-child\" data-id=\"8f465e5\" data-element_type=\"container\">\n\t\t\t\t<div class=\"elementor-element elementor-element-17d80f6 elementor-widget elementor-widget-heading\" data-id=\"17d80f6\" data-element_type=\"widget\" data-widget_type=\"heading.default\">\n\t\t\t\t<div class=\"elementor-widget-container\">\n\t\t\t\t\t<h3 class=\"elementor-heading-title elementor-size-default\">R\u00e9ponse face aux probl\u00e8mes<\/h3>\t\t\t\t<\/div>\n\t\t\t\t<\/div>\n\t\t\t\t<div class=\"elementor-element elementor-element-738c7fd elementor-widget elementor-widget-text-editor\" data-id=\"738c7fd\" data-element_type=\"widget\" data-widget_type=\"text-editor.default\">\n\t\t\t\t<div class=\"elementor-widget-container\">\n\t\t\t\t\t\t\t\t\t<p>Gr\u00e2ce \u00e0 nos Contrats de Maintenance Systech, vous recevrez le soutien dont vous aurez besoin en fonction de la gravit\u00e9 de votre probl\u00e8me. Un num\u00e9ro de r\u00e9f\u00e9rence unique et un niveau de gravit\u00e9 sont affect\u00e9s \u00e0 chaque dossier en suivant les \u00e9tapes ci-dessous :<\/p><ol><li>Cr\u00e9ation d\u2019un dossier, enregistrement de la demande\/de l\u2019incident et collecte d\u2019informations pr\u00e9liminaires<\/li><li>D\u00e9pannage et diagnostic approfondis<\/li><li>Analyse des causes profondes, reproduction et restauration<\/li><\/ol><p>Sur la base de votre cahier des charges pr\u00e9cis, les Contrats de Maintenance Systech offrent une protection compl\u00e8te de votre investissement.<\/p><p><a href=\"https:\/\/web.archive.org\/web\/20230408194208\/https:\/\/live-systechone.pantheonsite.io\/contact\/\">Assistance par t\u00e9l\u00e9phone, par courriel et sur le site web<\/a><br \/>24 heures sur 24  7 jours sur 7  365 jours par an.<\/p>\t\t\t\t\t\t\t\t<\/div>\n\t\t\t\t<\/div>\n\t\t\t\t<div class=\"elementor-element elementor-element-2f22069 elementor-widget elementor-widget-heading\" data-id=\"2f22069\" data-element_type=\"widget\" data-widget_type=\"heading.default\">\n\t\t\t\t<div class=\"elementor-widget-container\">\n\t\t\t\t\t<h3 class=\"elementor-heading-title elementor-size-default\">Inscrivez-vous d\u00e8s aujourd\u2019hui !<\/h3>\t\t\t\t<\/div>\n\t\t\t\t<\/div>\n\t\t\t\t<div class=\"elementor-element elementor-element-644bb67 elementor-widget elementor-widget-text-editor\" data-id=\"644bb67\" data-element_type=\"widget\" data-widget_type=\"text-editor.default\">\n\t\t\t\t<div class=\"elementor-widget-container\">\n\t\t\t\t\t\t\t\t\t<p class=\"translation-block\">Appelez le <a href=\"tel:+1-800-847-7123\">+1-800-847-7123 <\/a> pour s\u00e9curiser votre investissement avec l\u2019un de nos Contrats de Maintenance.<\/p>\t\t\t\t\t\t\t\t<\/div>\n\t\t\t\t<\/div>\n\t\t\t\t<\/div>\n\t\t\t\t\t<\/div>\n\t\t\t\t<\/div>\n\t\t\t\t<\/div>","protected":false},"excerpt":{"rendered":"<p>Maintenance Ongoing maintenance is key to keeping software current and operational for its intended purpose. With our maintenance and support plans, you can preserve the value of your investment and ensure continual compliance with various regulatory requirements. Dedicated support Systech maintenance agreements provide 24x7x365 technical support and troubleshooting. If an issue arises, we\u2019ll get your [&hellip;]<\/p>","protected":false},"author":9,"featured_media":0,"parent":4841,"menu_order":0,"comment_status":"closed","ping_status":"closed","template":"","meta":{"_acf_changed":false,"content-type":"","footnotes":""},"class_list":["post-4843","page","type-page","status-publish","hentry"],"acf":[],"yoast_head":"<!-- This site is optimized with the Yoast SEO plugin v25.1 - https:\/\/yoast.com\/wordpress\/plugins\/seo\/ -->\n<title>Maintenance \u2502 Software Support \u2502 Customer Support \u2502 Systech<\/title>\n<meta name=\"description\" content=\"Maintenance is key to keeping software current and operational for its intended purpose. Preserve the value of your investment with maintenance support.\" \/>\n<meta name=\"robots\" content=\"index, follow, max-snippet:-1, max-image-preview:large, max-video-preview:-1\" \/>\n<link rel=\"canonical\" href=\"https:\/\/dev.systech.ssdev.ca\/fr\/about\/centers-of-excellence\/maintenance\/\" \/>\n<meta property=\"og:locale\" content=\"fr_FR\" \/>\n<meta property=\"og:type\" content=\"article\" \/>\n<meta property=\"og:title\" content=\"Maintenance \u2502 Software Support \u2502 Customer Support \u2502 Systech\" \/>\n<meta property=\"og:description\" content=\"Maintenance is key to keeping software current and operational for its intended purpose. Preserve the value of your investment with maintenance support.\" \/>\n<meta property=\"og:url\" content=\"https:\/\/dev.systech.ssdev.ca\/fr\/about\/centers-of-excellence\/maintenance\/\" \/>\n<meta property=\"og:site_name\" content=\"Systech\" \/>\n<meta property=\"article:publisher\" content=\"https:\/\/www.facebook.com\/systechone\/\" \/>\n<meta property=\"article:modified_time\" content=\"2024-11-14T18:44:00+00:00\" \/>\n<meta name=\"twitter:card\" content=\"summary_large_image\" \/>\n<meta name=\"twitter:site\" content=\"@systechone\" \/>\n<meta name=\"twitter:label1\" content=\"Dur\u00e9e de lecture estim\u00e9e\" \/>\n\t<meta name=\"twitter:data1\" content=\"3 minutes\" \/>\n<script type=\"application\/ld+json\" class=\"yoast-schema-graph\">{\"@context\":\"https:\/\/schema.org\",\"@graph\":[{\"@type\":\"WebPage\",\"@id\":\"https:\/\/dev.systech.ssdev.ca\/about\/centers-of-excellence\/maintenance\/\",\"url\":\"https:\/\/dev.systech.ssdev.ca\/about\/centers-of-excellence\/maintenance\/\",\"name\":\"Maintenance \u2502 Software Support \u2502 Customer Support \u2502 Systech\",\"isPartOf\":{\"@id\":\"https:\/\/dev.systech.ssdev.ca\/#website\"},\"datePublished\":\"2018-03-28T22:00:17+00:00\",\"dateModified\":\"2024-11-14T18:44:00+00:00\",\"description\":\"Maintenance is key to keeping software current and operational for its intended purpose. Preserve the value of your investment with maintenance support.\",\"breadcrumb\":{\"@id\":\"https:\/\/dev.systech.ssdev.ca\/about\/centers-of-excellence\/maintenance\/#breadcrumb\"},\"inLanguage\":\"fr-FR\",\"potentialAction\":[{\"@type\":\"ReadAction\",\"target\":[\"https:\/\/dev.systech.ssdev.ca\/about\/centers-of-excellence\/maintenance\/\"]}]},{\"@type\":\"BreadcrumbList\",\"@id\":\"https:\/\/dev.systech.ssdev.ca\/about\/centers-of-excellence\/maintenance\/#breadcrumb\",\"itemListElement\":[{\"@type\":\"ListItem\",\"position\":1,\"name\":\"Home\",\"item\":\"https:\/\/dev.systech.ssdev.ca\/\"},{\"@type\":\"ListItem\",\"position\":2,\"name\":\"About\",\"item\":\"https:\/\/dev.systech.ssdev.ca\/about\/\"},{\"@type\":\"ListItem\",\"position\":3,\"name\":\"Centers of Excellence\",\"item\":\"https:\/\/dev.systech.ssdev.ca\/about\/centers-of-excellence\/\"},{\"@type\":\"ListItem\",\"position\":4,\"name\":\"Maintenance\"}]},{\"@type\":\"WebSite\",\"@id\":\"https:\/\/dev.systech.ssdev.ca\/#website\",\"url\":\"https:\/\/dev.systech.ssdev.ca\/\",\"name\":\"Systech\",\"description\":\"a solutions division of Markem-Imaje\",\"publisher\":{\"@id\":\"https:\/\/dev.systech.ssdev.ca\/#organization\"},\"potentialAction\":[{\"@type\":\"SearchAction\",\"target\":{\"@type\":\"EntryPoint\",\"urlTemplate\":\"https:\/\/dev.systech.ssdev.ca\/?s={search_term_string}\"},\"query-input\":{\"@type\":\"PropertyValueSpecification\",\"valueRequired\":true,\"valueName\":\"search_term_string\"}}],\"inLanguage\":\"fr-FR\"},{\"@type\":\"Organization\",\"@id\":\"https:\/\/dev.systech.ssdev.ca\/#organization\",\"name\":\"Systech International\",\"url\":\"https:\/\/dev.systech.ssdev.ca\/\",\"logo\":{\"@type\":\"ImageObject\",\"inLanguage\":\"fr-FR\",\"@id\":\"https:\/\/dev.systech.ssdev.ca\/#\/schema\/logo\/image\/\",\"url\":\"https:\/\/https:\/\/dev.systech.ssdev.ca\/wp-content\/uploads\/2018\/04\/systech-logo.png\",\"contentUrl\":\"https:\/\/https:\/\/dev.systech.ssdev.ca\/wp-content\/uploads\/2018\/04\/systech-logo.png\",\"width\":551,\"height\":124,\"caption\":\"Systech International\"},\"image\":{\"@id\":\"https:\/\/dev.systech.ssdev.ca\/#\/schema\/logo\/image\/\"},\"sameAs\":[\"https:\/\/www.facebook.com\/systechone\/\",\"https:\/\/x.com\/systechone\",\"https:\/\/www.linkedin.com\/company\/systech-international\",\"https:\/\/www.youtube.com\/channel\/UC1fz6UKo5eMa1WxgVMGRhpA\/videos\"]}]}<\/script>\n<!-- \/ Yoast SEO plugin. -->","yoast_head_json":{"title":"Maintenance \u2502 Software Support \u2502 Customer Support \u2502 Systech","description":"Maintenance is key to keeping software current and operational for its intended purpose. Preserve the value of your investment with maintenance support.","robots":{"index":"index","follow":"follow","max-snippet":"max-snippet:-1","max-image-preview":"max-image-preview:large","max-video-preview":"max-video-preview:-1"},"canonical":"https:\/\/dev.systech.ssdev.ca\/fr\/about\/centers-of-excellence\/maintenance\/","og_locale":"fr_FR","og_type":"article","og_title":"Maintenance \u2502 Software Support \u2502 Customer Support \u2502 Systech","og_description":"Maintenance is key to keeping software current and operational for its intended purpose. Preserve the value of your investment with maintenance support.","og_url":"https:\/\/dev.systech.ssdev.ca\/fr\/about\/centers-of-excellence\/maintenance\/","og_site_name":"Systech","article_publisher":"https:\/\/www.facebook.com\/systechone\/","article_modified_time":"2024-11-14T18:44:00+00:00","twitter_card":"summary_large_image","twitter_site":"@systechone","twitter_misc":{"Dur\u00e9e de lecture estim\u00e9e":"3 minutes"},"schema":{"@context":"https:\/\/schema.org","@graph":[{"@type":"WebPage","@id":"https:\/\/dev.systech.ssdev.ca\/about\/centers-of-excellence\/maintenance\/","url":"https:\/\/dev.systech.ssdev.ca\/about\/centers-of-excellence\/maintenance\/","name":"Maintenance \u2502 Software Support \u2502 Customer Support \u2502 Systech","isPartOf":{"@id":"https:\/\/dev.systech.ssdev.ca\/#website"},"datePublished":"2018-03-28T22:00:17+00:00","dateModified":"2024-11-14T18:44:00+00:00","description":"Maintenance is key to keeping software current and operational for its intended purpose. Preserve the value of your investment with maintenance support.","breadcrumb":{"@id":"https:\/\/dev.systech.ssdev.ca\/about\/centers-of-excellence\/maintenance\/#breadcrumb"},"inLanguage":"fr-FR","potentialAction":[{"@type":"ReadAction","target":["https:\/\/dev.systech.ssdev.ca\/about\/centers-of-excellence\/maintenance\/"]}]},{"@type":"BreadcrumbList","@id":"https:\/\/dev.systech.ssdev.ca\/about\/centers-of-excellence\/maintenance\/#breadcrumb","itemListElement":[{"@type":"ListItem","position":1,"name":"Home","item":"https:\/\/dev.systech.ssdev.ca\/"},{"@type":"ListItem","position":2,"name":"About","item":"https:\/\/dev.systech.ssdev.ca\/about\/"},{"@type":"ListItem","position":3,"name":"Centers of Excellence","item":"https:\/\/dev.systech.ssdev.ca\/about\/centers-of-excellence\/"},{"@type":"ListItem","position":4,"name":"Maintenance"}]},{"@type":"WebSite","@id":"https:\/\/dev.systech.ssdev.ca\/#website","url":"https:\/\/dev.systech.ssdev.ca\/","name":"Systech","description":"a solutions division of Markem-Imaje","publisher":{"@id":"https:\/\/dev.systech.ssdev.ca\/#organization"},"potentialAction":[{"@type":"SearchAction","target":{"@type":"EntryPoint","urlTemplate":"https:\/\/dev.systech.ssdev.ca\/?s={search_term_string}"},"query-input":{"@type":"PropertyValueSpecification","valueRequired":true,"valueName":"search_term_string"}}],"inLanguage":"fr-FR"},{"@type":"Organization","@id":"https:\/\/dev.systech.ssdev.ca\/#organization","name":"Systech International","url":"https:\/\/dev.systech.ssdev.ca\/","logo":{"@type":"ImageObject","inLanguage":"fr-FR","@id":"https:\/\/dev.systech.ssdev.ca\/#\/schema\/logo\/image\/","url":"https:\/\/https:\/\/dev.systech.ssdev.ca\/wp-content\/uploads\/2018\/04\/systech-logo.png","contentUrl":"https:\/\/https:\/\/dev.systech.ssdev.ca\/wp-content\/uploads\/2018\/04\/systech-logo.png","width":551,"height":124,"caption":"Systech International"},"image":{"@id":"https:\/\/dev.systech.ssdev.ca\/#\/schema\/logo\/image\/"},"sameAs":["https:\/\/www.facebook.com\/systechone\/","https:\/\/x.com\/systechone","https:\/\/www.linkedin.com\/company\/systech-international","https:\/\/www.youtube.com\/channel\/UC1fz6UKo5eMa1WxgVMGRhpA\/videos"]}]}},"_links":{"self":[{"href":"https:\/\/dev.systech.ssdev.ca\/fr\/wp-json\/wp\/v2\/pages\/4843","targetHints":{"allow":["GET"]}}],"collection":[{"href":"https:\/\/dev.systech.ssdev.ca\/fr\/wp-json\/wp\/v2\/pages"}],"about":[{"href":"https:\/\/dev.systech.ssdev.ca\/fr\/wp-json\/wp\/v2\/types\/page"}],"author":[{"embeddable":true,"href":"https:\/\/dev.systech.ssdev.ca\/fr\/wp-json\/wp\/v2\/users\/9"}],"replies":[{"embeddable":true,"href":"https:\/\/dev.systech.ssdev.ca\/fr\/wp-json\/wp\/v2\/comments?post=4843"}],"version-history":[{"count":0,"href":"https:\/\/dev.systech.ssdev.ca\/fr\/wp-json\/wp\/v2\/pages\/4843\/revisions"}],"up":[{"embeddable":true,"href":"https:\/\/dev.systech.ssdev.ca\/fr\/wp-json\/wp\/v2\/pages\/4841"}],"wp:attachment":[{"href":"https:\/\/dev.systech.ssdev.ca\/fr\/wp-json\/wp\/v2\/media?parent=4843"}],"curies":[{"name":"wp","href":"https:\/\/api.w.org\/{rel}","templated":true}]}}