{"id":17876,"date":"2023-07-13T23:14:09","date_gmt":"2023-07-14T03:14:09","guid":{"rendered":"https:\/\/https:\/\/dev.systech.ssdev.ca\/?page_id=17876"},"modified":"2024-11-14T13:39:49","modified_gmt":"2024-11-14T18:39:49","slug":"mission-values","status":"publish","type":"page","link":"https:\/\/dev.systech.ssdev.ca\/pt\/about\/mission-values\/","title":{"rendered":"Quem somos"},"content":{"rendered":"<div data-elementor-type=\"wp-page\" data-elementor-id=\"17876\" class=\"elementor elementor-17876\" data-elementor-post-type=\"page\">\n\t\t\t\t<div data-dce-background-color=\"#54585926\" class=\"elementor-element elementor-element-d3213aa e-flex e-con-boxed e-con e-parent\" data-id=\"d3213aa\" data-element_type=\"container\" data-settings=\"{&quot;background_background&quot;:&quot;classic&quot;}\">\n\t\t\t\t\t<div class=\"e-con-inner\">\n\t\t<div class=\"elementor-element elementor-element-1bd33cb e-con-full e-flex e-con e-child\" data-id=\"1bd33cb\" data-element_type=\"container\" data-settings=\"{&quot;background_background&quot;:&quot;classic&quot;}\">\n\t\t\t\t<div class=\"elementor-element elementor-element-f69be67 elementor-absolute elementor-hidden-mobile elementor-hidden-desktop elementor-hidden-tablet elementor-widget elementor-widget-global elementor-global-19140 elementor-widget-breadcrumbs\" data-id=\"f69be67\" data-element_type=\"widget\" data-settings=\"{&quot;_position&quot;:&quot;absolute&quot;}\" data-widget_type=\"breadcrumbs.default\">\n\t\t\t\t<div class=\"elementor-widget-container\">\n\t\t\t\t\t<p id=\"breadcrumbs\"><span><span><a href=\"https:\/\/dev.systech.ssdev.ca\/pt\/\">Casa<\/a><\/span><\/span><\/p>\t\t\t\t<\/div>\n\t\t\t\t<\/div>\n\t\t\t\t<div class=\"elementor-element elementor-element-49ec814 elementor-widget elementor-widget-heading\" data-id=\"49ec814\" data-element_type=\"widget\" data-widget_type=\"heading.default\">\n\t\t\t\t<div class=\"elementor-widget-container\">\n\t\t\t\t\t<h1 class=\"elementor-heading-title elementor-size-default\">Quem somos<\/h1>\t\t\t\t<\/div>\n\t\t\t\t<\/div>\n\t\t\t\t<div class=\"elementor-element elementor-element-ea5a66a elementor-widget elementor-widget-text-editor\" data-id=\"ea5a66a\" data-element_type=\"widget\" data-widget_type=\"text-editor.default\">\n\t\t\t\t<div class=\"elementor-widget-container\">\n\t\t\t\t\t\t\t\t\t<p>Fundada em 1985, a Systech \u00e9 l\u00edder no fornecimento de solu\u00e7\u00f5es de identifica\u00e7\u00e3o digital e rastreabilidade. Nossas ofertas estabelecem dados essenciais sobre o produto, garantem a conectividade digital e capacitam percep\u00e7\u00f5es, em tempo real, na linha de embalagem por toda a cadeia de suprimentos e nas m\u00e3os do consumidor.<\/p>\t\t\t\t\t\t\t\t<\/div>\n\t\t\t\t<\/div>\n\t\t\t\t<\/div>\n\t\t<div data-dce-background-image-url=\"https:\/\/staging.systech.ssdev.ca\/wp-content\/uploads\/2023\/09\/line-element.svg\" class=\"elementor-element elementor-element-01bec94 e-con-full elementor-hidden-tablet elementor-hidden-mobile e-flex e-con e-child\" data-id=\"01bec94\" data-element_type=\"container\" data-settings=\"{&quot;background_background&quot;:&quot;classic&quot;,&quot;position&quot;:&quot;absolute&quot;}\">\n\t\t\t\t<\/div>\n\t\t\t\t\t<\/div>\n\t\t\t\t<\/div>\n\t\t<div class=\"elementor-element elementor-element-d9be658 e-flex e-con-boxed e-con e-parent\" data-id=\"d9be658\" data-element_type=\"container\">\n\t\t\t\t\t<div class=\"e-con-inner\">\n\t\t<div class=\"elementor-element elementor-element-85021c9 e-con-full e-flex e-con e-child\" data-id=\"85021c9\" data-element_type=\"container\">\n\t\t\t\t<div class=\"elementor-element elementor-element-284924e elementor-widget elementor-widget-heading\" data-id=\"284924e\" data-element_type=\"widget\" data-widget_type=\"heading.default\">\n\t\t\t\t<div class=\"elementor-widget-container\">\n\t\t\t\t\t<h3 class=\"elementor-heading-title elementor-size-default\">Somos solucionadores de problemas<\/h3>\t\t\t\t<\/div>\n\t\t\t\t<\/div>\n\t\t\t\t<div class=\"elementor-element elementor-element-d4dc5ef elementor-widget elementor-widget-text-editor\" data-id=\"d4dc5ef\" data-element_type=\"widget\" data-widget_type=\"text-editor.default\">\n\t\t\t\t<div class=\"elementor-widget-container\">\n\t\t\t\t\t\t\t\t\t<p>A inova\u00e7\u00e3o est\u00e1 profundamente enraizada em nosso DNA, das nossas ra\u00edzes como start-up em vis\u00e3o digital avan\u00e7ada at\u00e9 a serializa\u00e7\u00e3o pioneira e a transforma\u00e7\u00e3o da rastreabilidade e autentica\u00e7\u00e3o da cadeia de suprimentos. Entendemos a import\u00e2ncia de desafiar continuamente os limites da tecnologia para oferecer solu\u00e7\u00f5es de software abrangentes, eficazes e de f\u00e1cil configura\u00e7\u00e3o.<\/p>\n<p>Utilizada em milhares de implementa\u00e7\u00f5es, nossa plataforma abrangente permite que os clientes saibam o que est\u00e1 acontecendo com um determinado produto em cada est\u00e1gio da sua jornada. Marcas globais de todos os setores confiam na Systech para ajud\u00e1-las a atingir seus objetivos de conformidade, resili\u00eancia, sustentabilidade e transforma\u00e7\u00e3o digital.<\/p>\t\t\t\t\t\t\t\t<\/div>\n\t\t\t\t<\/div>\n\t\t\t\t<div class=\"elementor-element elementor-element-5ea8554 elementor-widget elementor-widget-heading\" data-id=\"5ea8554\" data-element_type=\"widget\" data-widget_type=\"heading.default\">\n\t\t\t\t<div class=\"elementor-widget-container\">\n\t\t\t\t\t<h3 class=\"elementor-heading-title elementor-size-default\">Padr\u00f5es e certifica\u00e7\u00f5es<\/h3>\t\t\t\t<\/div>\n\t\t\t\t<\/div>\n\t\t\t\t<div class=\"elementor-element elementor-element-4a5f038 elementor-widget elementor-widget-text-editor\" data-id=\"4a5f038\" data-element_type=\"widget\" data-widget_type=\"text-editor.default\">\n\t\t\t\t<div class=\"elementor-widget-container\">\n\t\t\t\t\t\t\t\t\t<p>A Systech tem o compromisso de fornecer aos nossos clientes o mais alto padr\u00e3o de produtos e servi\u00e7os em todo o mundo. Por isso, submetemos a nossa organiza\u00e7\u00e3o e muitos dos nossos produtos \u00e0 extensa auditoria de terceiros, necess\u00e1ria para alcan\u00e7ar os padr\u00f5es e as certifica\u00e7\u00f5es do setor, incluindo IS0 9001:2015, Controles de Sistema e Organiza\u00e7\u00e3o (SOC) 2\u00ae Tipo I e NOM-019-SCFI-1998.<\/p>\t\t\t\t\t\t\t\t<\/div>\n\t\t\t\t<\/div>\n\t\t\t\t<div class=\"elementor-element elementor-element-c50f0ba elementor-widget elementor-widget-gallery\" data-id=\"c50f0ba\" data-element_type=\"widget\" data-settings=\"{&quot;columns&quot;:3,&quot;aspect_ratio&quot;:&quot;1:1&quot;,&quot;lazyload&quot;:&quot;yes&quot;,&quot;gallery_layout&quot;:&quot;grid&quot;,&quot;columns_tablet&quot;:2,&quot;columns_mobile&quot;:1,&quot;gap&quot;:{&quot;unit&quot;:&quot;px&quot;,&quot;size&quot;:10,&quot;sizes&quot;:[]},&quot;gap_tablet&quot;:{&quot;unit&quot;:&quot;px&quot;,&quot;size&quot;:10,&quot;sizes&quot;:[]},&quot;gap_mobile&quot;:{&quot;unit&quot;:&quot;px&quot;,&quot;size&quot;:10,&quot;sizes&quot;:[]},&quot;overlay_background&quot;:&quot;yes&quot;,&quot;content_hover_animation&quot;:&quot;fade-in&quot;}\" data-widget_type=\"gallery.default\">\n\t\t\t\t<div class=\"elementor-widget-container\">\n\t\t\t\t\t\t\t<div class=\"elementor-gallery__container\">\n\t\t\t\t\t\t\t<div class=\"e-gallery-item elementor-gallery-item elementor-animated-content\">\n\t\t\t\t\t<div class=\"e-gallery-image elementor-gallery-item__image\" data-thumbnail=\"https:\/\/dev.systech.ssdev.ca\/wp-content\/uploads\/2023\/07\/TUVSUD-ISO-MARK.gif\" data-width=\"177\" data-height=\"177\" aria-label=\"\" role=\"img\" ><\/div>\n\t\t\t\t\t\t\t\t\t\t\t<div class=\"elementor-gallery-item__overlay\"><\/div>\n\t\t\t\t\t\t\t\t\t\t\t\t\t\t<\/div>\n\t\t\t\t\t\t\t<div class=\"e-gallery-item elementor-gallery-item elementor-animated-content\">\n\t\t\t\t\t<div class=\"e-gallery-image elementor-gallery-item__image\" data-thumbnail=\"https:\/\/dev.systech.ssdev.ca\/wp-content\/uploads\/2023\/07\/SOC.png\" data-width=\"400\" data-height=\"400\" aria-label=\"\" role=\"img\" ><\/div>\n\t\t\t\t\t\t\t\t\t\t\t<div class=\"elementor-gallery-item__overlay\"><\/div>\n\t\t\t\t\t\t\t\t\t\t\t\t\t\t<\/div>\n\t\t\t\t\t\t\t<div class=\"e-gallery-item elementor-gallery-item elementor-animated-content\">\n\t\t\t\t\t<div class=\"e-gallery-image elementor-gallery-item__image\" data-thumbnail=\"https:\/\/dev.systech.ssdev.ca\/wp-content\/uploads\/2023\/07\/Norma_Oficial_Mexicana_logo.png\" data-width=\"197\" data-height=\"198\" aria-label=\"\" role=\"img\" ><\/div>\n\t\t\t\t\t\t\t\t\t\t\t<div class=\"elementor-gallery-item__overlay\"><\/div>\n\t\t\t\t\t\t\t\t\t\t\t\t\t\t<\/div>\n\t\t\t\t\t<\/div>\n\t\t\t\t\t<\/div>\n\t\t\t\t<\/div>\n\t\t\t\t<\/div>\n\t\t<div class=\"elementor-element elementor-element-ba7e1a6 e-con-full e-flex e-con e-child\" data-id=\"ba7e1a6\" data-element_type=\"container\">\n\t\t\t\t<div class=\"elementor-element elementor-element-6daef82 elementor-widget elementor-widget-heading\" data-id=\"6daef82\" data-element_type=\"widget\" data-widget_type=\"heading.default\">\n\t\t\t\t<div class=\"elementor-widget-container\">\n\t\t\t\t\t<h3 class=\"elementor-heading-title elementor-size-default\">Nossos valores<\/h3>\t\t\t\t<\/div>\n\t\t\t\t<\/div>\n\t\t\t\t<div class=\"elementor-element elementor-element-c7237a2 elementor-widget elementor-widget-text-editor\" data-id=\"c7237a2\" data-element_type=\"widget\" data-widget_type=\"text-editor.default\">\n\t\t\t\t<div class=\"elementor-widget-container\">\n\t\t\t\t\t\t\t\t\t<p><strong>Esp\u00edrito empreendedor colaborativo<\/strong><br \/>Atuamos como empreendedores e trabalhamos juntos para alavancar nossa escala e nossos recursos como uma empresa global.<\/p><p><strong>Vencer por meio dos clientes<\/strong><br \/>\u00c9 ser apaixonado pelo sucesso de nossos clientes, pois sabemos que quando eles vencem, n\u00f3s vencemos.<\/p><p><strong>Altos padr\u00f5es \u00e9ticos, abertura e confian\u00e7a<\/strong><br \/>Trata-se de confiar e respeitar uns aos outros, sendo honestos e genu\u00ednos.<\/p><p><strong>Expectativas de resultados<\/strong><br \/>Estabelecemos metas, alvos e objetivos para n\u00f3s mesmos e para nossa organiza\u00e7\u00e3o e nos esfor\u00e7amos para alcan\u00e7\u00e1-los.<\/p><p><strong>Respeitar e valorizar as pessoas<\/strong><br \/>Reconhecemos as pessoas como indiv\u00edduos que merecem respeito, motiva\u00e7\u00e3o e inspira\u00e7\u00e3o.<\/p><p class=\"translation-block\">Systech is a leading brand of <a href=\"https:\/\/www.markem-imaje.com\/\" target=\"_blank\" rel=\"noopener\">Markem-Imaje<\/a>, a wholly owned subsidiary of <a href=\"https:\/\/www.dovercorporation.com\/\" target=\"_blank\" rel=\"noopener\">Dover Corporation<\/a>. Markem-Imaje provides global product identification, packaging intelligence and connected product solutions.<\/p>\t\t\t\t\t\t\t\t<\/div>\n\t\t\t\t<\/div>\n\t\t\t\t<\/div>\n\t\t\t\t\t<\/div>\n\t\t\t\t<\/div>\n\t\t\t\t<\/div>","protected":false},"excerpt":{"rendered":"<p>Who we are Established in 1985, Systech is the leader in providing digital identification and traceability solutions. Our offerings establish essential product data, ensure digital connectivity and enable real-time insights\u2014on the packaging line, throughout the supply chain and into the consumer\u2019s hands. Systech is reliability Innovation is in our DNA\u2014from our start-up roots in advanced [&hellip;]<\/p>","protected":false},"author":26,"featured_media":0,"parent":4824,"menu_order":0,"comment_status":"closed","ping_status":"closed","template":"","meta":{"_acf_changed":false,"content-type":"","footnotes":""},"class_list":["post-17876","page","type-page","status-publish","hentry"],"acf":[],"yoast_head":"<!-- This site is optimized with the Yoast SEO plugin v25.1 - https:\/\/yoast.com\/wordpress\/plugins\/seo\/ -->\n<title>Mission \u2502 Values \u2502Systech \u2502Systech One \u2502Systech Only One<\/title>\n<meta name=\"description\" content=\"As a pioneer, Systech knows that the world is changing and that we must continue to innovate to meet and exceed the needs of our customers and yours.\" \/>\n<meta name=\"robots\" content=\"index, follow, max-snippet:-1, max-image-preview:large, max-video-preview:-1\" \/>\n<link rel=\"canonical\" href=\"https:\/\/dev.systech.ssdev.ca\/pt\/about\/mission-values\/\" \/>\n<meta property=\"og:locale\" content=\"pt_BR\" \/>\n<meta property=\"og:type\" content=\"article\" \/>\n<meta property=\"og:title\" content=\"Mission \u2502 Values \u2502Systech \u2502Systech One \u2502Systech Only One\" \/>\n<meta property=\"og:description\" content=\"As a pioneer, Systech knows that the world is changing and that we must continue to innovate to meet and exceed the needs of our customers and yours.\" \/>\n<meta property=\"og:url\" content=\"https:\/\/dev.systech.ssdev.ca\/pt\/about\/mission-values\/\" \/>\n<meta property=\"og:site_name\" content=\"Systech\" \/>\n<meta property=\"article:publisher\" content=\"https:\/\/www.facebook.com\/systechone\/\" \/>\n<meta property=\"article:modified_time\" content=\"2024-11-14T18:39:49+00:00\" \/>\n<meta property=\"og:image\" content=\"https:\/\/staging.systech.ssdev.ca\/wp-content\/uploads\/2024\/05\/systech-video-thumbnail-play.png\" \/>\n<meta name=\"twitter:card\" content=\"summary_large_image\" \/>\n<meta name=\"twitter:site\" content=\"@systechone\" \/>\n<meta name=\"twitter:label1\" content=\"Est. tempo de leitura\" \/>\n\t<meta name=\"twitter:data1\" content=\"4 minutos\" \/>\n<script type=\"application\/ld+json\" class=\"yoast-schema-graph\">{\"@context\":\"https:\/\/schema.org\",\"@graph\":[{\"@type\":\"WebPage\",\"@id\":\"https:\/\/dev.systech.ssdev.ca\/about\/mission-values\/\",\"url\":\"https:\/\/dev.systech.ssdev.ca\/about\/mission-values\/\",\"name\":\"Mission \u2502 Values \u2502Systech \u2502Systech One \u2502Systech Only One\",\"isPartOf\":{\"@id\":\"https:\/\/dev.systech.ssdev.ca\/#website\"},\"primaryImageOfPage\":{\"@id\":\"https:\/\/dev.systech.ssdev.ca\/about\/mission-values\/#primaryimage\"},\"image\":{\"@id\":\"https:\/\/dev.systech.ssdev.ca\/about\/mission-values\/#primaryimage\"},\"thumbnailUrl\":\"https:\/\/https:\/\/dev.systech.ssdev.ca\/wp-content\/uploads\/2024\/05\/systech-video-thumbnail-play.png\",\"datePublished\":\"2023-07-14T03:14:09+00:00\",\"dateModified\":\"2024-11-14T18:39:49+00:00\",\"description\":\"As a pioneer, Systech knows that the world is changing and that we must continue to innovate to meet and exceed the needs of our customers and yours.\",\"breadcrumb\":{\"@id\":\"https:\/\/dev.systech.ssdev.ca\/about\/mission-values\/#breadcrumb\"},\"inLanguage\":\"pt-BR\",\"potentialAction\":[{\"@type\":\"ReadAction\",\"target\":[\"https:\/\/dev.systech.ssdev.ca\/about\/mission-values\/\"]}]},{\"@type\":\"ImageObject\",\"inLanguage\":\"pt-BR\",\"@id\":\"https:\/\/dev.systech.ssdev.ca\/about\/mission-values\/#primaryimage\",\"url\":\"https:\/\/https:\/\/dev.systech.ssdev.ca\/wp-content\/uploads\/2024\/05\/systech-video-thumbnail-play.png\",\"contentUrl\":\"https:\/\/https:\/\/dev.systech.ssdev.ca\/wp-content\/uploads\/2024\/05\/systech-video-thumbnail-play.png\"},{\"@type\":\"BreadcrumbList\",\"@id\":\"https:\/\/dev.systech.ssdev.ca\/about\/mission-values\/#breadcrumb\",\"itemListElement\":[{\"@type\":\"ListItem\",\"position\":1,\"name\":\"Home\",\"item\":\"https:\/\/dev.systech.ssdev.ca\/\"},{\"@type\":\"ListItem\",\"position\":2,\"name\":\"About\",\"item\":\"https:\/\/dev.systech.ssdev.ca\/about\/\"},{\"@type\":\"ListItem\",\"position\":3,\"name\":\"Who we are\"}]},{\"@type\":\"WebSite\",\"@id\":\"https:\/\/dev.systech.ssdev.ca\/#website\",\"url\":\"https:\/\/dev.systech.ssdev.ca\/\",\"name\":\"Systech\",\"description\":\"a solutions division of Markem-Imaje\",\"publisher\":{\"@id\":\"https:\/\/dev.systech.ssdev.ca\/#organization\"},\"potentialAction\":[{\"@type\":\"SearchAction\",\"target\":{\"@type\":\"EntryPoint\",\"urlTemplate\":\"https:\/\/dev.systech.ssdev.ca\/?s={search_term_string}\"},\"query-input\":{\"@type\":\"PropertyValueSpecification\",\"valueRequired\":true,\"valueName\":\"search_term_string\"}}],\"inLanguage\":\"pt-BR\"},{\"@type\":\"Organization\",\"@id\":\"https:\/\/dev.systech.ssdev.ca\/#organization\",\"name\":\"Systech International\",\"url\":\"https:\/\/dev.systech.ssdev.ca\/\",\"logo\":{\"@type\":\"ImageObject\",\"inLanguage\":\"pt-BR\",\"@id\":\"https:\/\/dev.systech.ssdev.ca\/#\/schema\/logo\/image\/\",\"url\":\"https:\/\/https:\/\/dev.systech.ssdev.ca\/wp-content\/uploads\/2018\/04\/systech-logo.png\",\"contentUrl\":\"https:\/\/https:\/\/dev.systech.ssdev.ca\/wp-content\/uploads\/2018\/04\/systech-logo.png\",\"width\":551,\"height\":124,\"caption\":\"Systech International\"},\"image\":{\"@id\":\"https:\/\/dev.systech.ssdev.ca\/#\/schema\/logo\/image\/\"},\"sameAs\":[\"https:\/\/www.facebook.com\/systechone\/\",\"https:\/\/x.com\/systechone\",\"https:\/\/www.linkedin.com\/company\/systech-international\",\"https:\/\/www.youtube.com\/channel\/UC1fz6UKo5eMa1WxgVMGRhpA\/videos\"]}]}<\/script>\n<!-- \/ Yoast SEO plugin. -->","yoast_head_json":{"title":"Mission \u2502 Values \u2502Systech \u2502Systech One \u2502Systech Only One","description":"As a pioneer, Systech knows that the world is changing and that we must continue to innovate to meet and exceed the needs of our customers and yours.","robots":{"index":"index","follow":"follow","max-snippet":"max-snippet:-1","max-image-preview":"max-image-preview:large","max-video-preview":"max-video-preview:-1"},"canonical":"https:\/\/dev.systech.ssdev.ca\/pt\/about\/mission-values\/","og_locale":"pt_BR","og_type":"article","og_title":"Mission \u2502 Values \u2502Systech \u2502Systech One \u2502Systech Only One","og_description":"As a pioneer, Systech knows that the world is changing and that we must continue to innovate to meet and exceed the needs of our customers and yours.","og_url":"https:\/\/dev.systech.ssdev.ca\/pt\/about\/mission-values\/","og_site_name":"Systech","article_publisher":"https:\/\/www.facebook.com\/systechone\/","article_modified_time":"2024-11-14T18:39:49+00:00","og_image":[{"url":"https:\/\/staging.systech.ssdev.ca\/wp-content\/uploads\/2024\/05\/systech-video-thumbnail-play.png","type":"","width":"","height":""}],"twitter_card":"summary_large_image","twitter_site":"@systechone","twitter_misc":{"Est. tempo de leitura":"4 minutos"},"schema":{"@context":"https:\/\/schema.org","@graph":[{"@type":"WebPage","@id":"https:\/\/dev.systech.ssdev.ca\/about\/mission-values\/","url":"https:\/\/dev.systech.ssdev.ca\/about\/mission-values\/","name":"Mission \u2502 Values \u2502Systech \u2502Systech One \u2502Systech Only One","isPartOf":{"@id":"https:\/\/dev.systech.ssdev.ca\/#website"},"primaryImageOfPage":{"@id":"https:\/\/dev.systech.ssdev.ca\/about\/mission-values\/#primaryimage"},"image":{"@id":"https:\/\/dev.systech.ssdev.ca\/about\/mission-values\/#primaryimage"},"thumbnailUrl":"https:\/\/https:\/\/dev.systech.ssdev.ca\/wp-content\/uploads\/2024\/05\/systech-video-thumbnail-play.png","datePublished":"2023-07-14T03:14:09+00:00","dateModified":"2024-11-14T18:39:49+00:00","description":"As a pioneer, Systech knows that the world is changing and that we must continue to innovate to meet and exceed the needs of our customers and yours.","breadcrumb":{"@id":"https:\/\/dev.systech.ssdev.ca\/about\/mission-values\/#breadcrumb"},"inLanguage":"pt-BR","potentialAction":[{"@type":"ReadAction","target":["https:\/\/dev.systech.ssdev.ca\/about\/mission-values\/"]}]},{"@type":"ImageObject","inLanguage":"pt-BR","@id":"https:\/\/dev.systech.ssdev.ca\/about\/mission-values\/#primaryimage","url":"https:\/\/https:\/\/dev.systech.ssdev.ca\/wp-content\/uploads\/2024\/05\/systech-video-thumbnail-play.png","contentUrl":"https:\/\/https:\/\/dev.systech.ssdev.ca\/wp-content\/uploads\/2024\/05\/systech-video-thumbnail-play.png"},{"@type":"BreadcrumbList","@id":"https:\/\/dev.systech.ssdev.ca\/about\/mission-values\/#breadcrumb","itemListElement":[{"@type":"ListItem","position":1,"name":"Home","item":"https:\/\/dev.systech.ssdev.ca\/"},{"@type":"ListItem","position":2,"name":"About","item":"https:\/\/dev.systech.ssdev.ca\/about\/"},{"@type":"ListItem","position":3,"name":"Who we are"}]},{"@type":"WebSite","@id":"https:\/\/dev.systech.ssdev.ca\/#website","url":"https:\/\/dev.systech.ssdev.ca\/","name":"Systech","description":"a solutions division of Markem-Imaje","publisher":{"@id":"https:\/\/dev.systech.ssdev.ca\/#organization"},"potentialAction":[{"@type":"SearchAction","target":{"@type":"EntryPoint","urlTemplate":"https:\/\/dev.systech.ssdev.ca\/?s={search_term_string}"},"query-input":{"@type":"PropertyValueSpecification","valueRequired":true,"valueName":"search_term_string"}}],"inLanguage":"pt-BR"},{"@type":"Organization","@id":"https:\/\/dev.systech.ssdev.ca\/#organization","name":"Systech International","url":"https:\/\/dev.systech.ssdev.ca\/","logo":{"@type":"ImageObject","inLanguage":"pt-BR","@id":"https:\/\/dev.systech.ssdev.ca\/#\/schema\/logo\/image\/","url":"https:\/\/https:\/\/dev.systech.ssdev.ca\/wp-content\/uploads\/2018\/04\/systech-logo.png","contentUrl":"https:\/\/https:\/\/dev.systech.ssdev.ca\/wp-content\/uploads\/2018\/04\/systech-logo.png","width":551,"height":124,"caption":"Systech International"},"image":{"@id":"https:\/\/dev.systech.ssdev.ca\/#\/schema\/logo\/image\/"},"sameAs":["https:\/\/www.facebook.com\/systechone\/","https:\/\/x.com\/systechone","https:\/\/www.linkedin.com\/company\/systech-international","https:\/\/www.youtube.com\/channel\/UC1fz6UKo5eMa1WxgVMGRhpA\/videos"]}]}},"_links":{"self":[{"href":"https:\/\/dev.systech.ssdev.ca\/pt\/wp-json\/wp\/v2\/pages\/17876","targetHints":{"allow":["GET"]}}],"collection":[{"href":"https:\/\/dev.systech.ssdev.ca\/pt\/wp-json\/wp\/v2\/pages"}],"about":[{"href":"https:\/\/dev.systech.ssdev.ca\/pt\/wp-json\/wp\/v2\/types\/page"}],"author":[{"embeddable":true,"href":"https:\/\/dev.systech.ssdev.ca\/pt\/wp-json\/wp\/v2\/users\/26"}],"replies":[{"embeddable":true,"href":"https:\/\/dev.systech.ssdev.ca\/pt\/wp-json\/wp\/v2\/comments?post=17876"}],"version-history":[{"count":0,"href":"https:\/\/dev.systech.ssdev.ca\/pt\/wp-json\/wp\/v2\/pages\/17876\/revisions"}],"up":[{"embeddable":true,"href":"https:\/\/dev.systech.ssdev.ca\/pt\/wp-json\/wp\/v2\/pages\/4824"}],"wp:attachment":[{"href":"https:\/\/dev.systech.ssdev.ca\/pt\/wp-json\/wp\/v2\/media?parent=17876"}],"curies":[{"name":"wp","href":"https:\/\/api.w.org\/{rel}","templated":true}]}}