{"id":211,"date":"2018-03-20T17:51:51","date_gmt":"2018-03-20T17:51:51","guid":{"rendered":"https:\/\/https:\/\/dev.systech.ssdev.ca\/?page_id=211"},"modified":"2024-11-14T13:42:13","modified_gmt":"2024-11-14T18:42:13","slug":"customer-service","status":"publish","type":"page","link":"https:\/\/dev.systech.ssdev.ca\/pt\/about\/centers-of-excellence\/customer-service\/","title":{"rendered":"Suporte t\u00e9cnico"},"content":{"rendered":"<div data-elementor-type=\"wp-page\" data-elementor-id=\"211\" class=\"elementor elementor-211\" data-elementor-post-type=\"page\">\n\t\t\t\t<div data-dce-background-color=\"#54585926\" class=\"elementor-element elementor-element-451eb6d e-flex e-con-boxed e-con e-parent\" data-id=\"451eb6d\" data-element_type=\"container\" data-settings=\"{&quot;background_background&quot;:&quot;classic&quot;}\">\n\t\t\t\t\t<div class=\"e-con-inner\">\n\t\t<div class=\"elementor-element elementor-element-cccec8e e-con-full e-flex e-con e-child\" data-id=\"cccec8e\" data-element_type=\"container\" data-settings=\"{&quot;background_background&quot;:&quot;classic&quot;}\">\n\t\t\t\t<div class=\"elementor-element elementor-element-345fc57 elementor-absolute elementor-hidden-mobile elementor-hidden-desktop elementor-hidden-tablet elementor-widget elementor-widget-global elementor-global-19140 elementor-widget-breadcrumbs\" data-id=\"345fc57\" data-element_type=\"widget\" data-settings=\"{&quot;_position&quot;:&quot;absolute&quot;}\" data-widget_type=\"breadcrumbs.default\">\n\t\t\t\t<div class=\"elementor-widget-container\">\n\t\t\t\t\t<p id=\"breadcrumbs\"><span><span><a href=\"https:\/\/dev.systech.ssdev.ca\/pt\/\">Casa<\/a><\/span><\/span><\/p>\t\t\t\t<\/div>\n\t\t\t\t<\/div>\n\t\t\t\t<div class=\"elementor-element elementor-element-1da62bc elementor-widget elementor-widget-heading\" data-id=\"1da62bc\" data-element_type=\"widget\" data-widget_type=\"heading.default\">\n\t\t\t\t<div class=\"elementor-widget-container\">\n\t\t\t\t\t<h1 class=\"elementor-heading-title elementor-size-default\">Technical support<\/h1>\t\t\t\t<\/div>\n\t\t\t\t<\/div>\n\t\t\t\t<div class=\"elementor-element elementor-element-2f3b080 elementor-widget elementor-widget-text-editor\" data-id=\"2f3b080\" data-element_type=\"widget\" data-widget_type=\"text-editor.default\">\n\t\t\t\t<div class=\"elementor-widget-container\">\n\t\t\t\t\t\t\t\t\t<p>Projetada para atender a qualquer solicita\u00e7\u00e3o t\u00e9cnica da forma mais r\u00e1pida e eficiente poss\u00edvel, nossa equipe de especialistas est\u00e1 dispon\u00edvel sempre que voc\u00ea precisar de assist\u00eancia pelo m\u00e9todo mais conveniente para voc\u00ea<\/p>\t\t\t\t\t\t\t\t<\/div>\n\t\t\t\t<\/div>\n\t\t\t\t<\/div>\n\t\t<div data-dce-background-image-url=\"https:\/\/staging.systech.ssdev.ca\/wp-content\/uploads\/2023\/09\/line-element.svg\" class=\"elementor-element elementor-element-8877137 e-con-full elementor-hidden-tablet elementor-hidden-mobile e-flex e-con e-child\" data-id=\"8877137\" data-element_type=\"container\" data-settings=\"{&quot;background_background&quot;:&quot;classic&quot;,&quot;position&quot;:&quot;absolute&quot;}\">\n\t\t\t\t<\/div>\n\t\t\t\t\t<\/div>\n\t\t\t\t<\/div>\n\t\t<div class=\"elementor-element elementor-element-80a9a4a e-flex e-con-boxed e-con e-parent\" data-id=\"80a9a4a\" data-element_type=\"container\">\n\t\t\t\t\t<div class=\"e-con-inner\">\n\t\t<div class=\"elementor-element elementor-element-c87ed67 e-con-full e-flex e-con e-child\" data-id=\"c87ed67\" data-element_type=\"container\">\n\t\t\t\t<div class=\"elementor-element elementor-element-ef3a1d4 elementor-widget elementor-widget-heading\" data-id=\"ef3a1d4\" data-element_type=\"widget\" data-widget_type=\"heading.default\">\n\t\t\t\t<div class=\"elementor-widget-container\">\n\t\t\t\t\t<h3 class=\"elementor-heading-title elementor-size-default\">E-mail<\/h3>\t\t\t\t<\/div>\n\t\t\t\t<\/div>\n\t\t\t\t<div class=\"elementor-element elementor-element-8afc2d5 elementor-widget elementor-widget-text-editor\" data-id=\"8afc2d5\" data-element_type=\"widget\" data-widget_type=\"text-editor.default\">\n\t\t\t\t<div class=\"elementor-widget-container\">\n\t\t\t\t\t\t\t\t\t<p class=\"translation-block\">Envie-nos um e-mail para\u00a0<a href=\"mailto:support@systechone.com\" target=\"_self\">support@systechone.com<\/a>, caso esteja com problemas de suporte. O nosso suporte por e-mail est\u00e1 dispon\u00edvel 24 horas por dia, 7 dias por semana, 365 dias por ano<\/p><p>Para quest\u00f5es cr\u00edticas ou consultas urgentes, entre em contato conosco pelos n\u00fameros listados \u00e0 direita.<\/p>\t\t\t\t\t\t\t\t<\/div>\n\t\t\t\t<\/div>\n\t\t\t\t<\/div>\n\t\t<div class=\"elementor-element elementor-element-64348c0 e-con-full e-flex e-con e-child\" data-id=\"64348c0\" data-element_type=\"container\">\n\t\t\t\t<div class=\"elementor-element elementor-element-1536b5f elementor-widget elementor-widget-heading\" data-id=\"1536b5f\" data-element_type=\"widget\" data-widget_type=\"heading.default\">\n\t\t\t\t<div class=\"elementor-widget-container\">\n\t\t\t\t\t<h3 class=\"elementor-heading-title elementor-size-default\">Telefone<\/h3>\t\t\t\t<\/div>\n\t\t\t\t<\/div>\n\t\t\t\t<div class=\"elementor-element elementor-element-1eb166d elementor-widget elementor-widget-text-editor\" data-id=\"1eb166d\" data-element_type=\"widget\" data-widget_type=\"text-editor.default\">\n\t\t\t\t<div class=\"elementor-widget-container\">\n\t\t\t\t\t\t\t\t\t<p><b>Am\u00e9ricas\u00a0<\/b> \u00a0 \u00a0 \u00a0 \u00a0 \u00a0 \u00a0 \u00a0 \u00a0 \u00a0 \u00a0 \u00a0 \u00a0 \u00a0 \u00a0 \u00a0 \u00a0 \u00a0 \u00a0<b>Global<\/b><br \/>\u00a0<a href=\"tel: +1800-847-7435\">+1 800-847-7435<\/a> \u00a0 \u00a0 \u00a0 \u00a0 \u00a0 \u00a0 \u00a0 \u00a0 \u00a0 \u00a0 \u00a0 <a href=\"tel:+32 2 808 8881\">+32 2 808 8881<\/a><\/p><p>O suporte telef\u00f4nico da Systech inclui o servi\u00e7o de interpreta\u00e7\u00e3o pela Language Line.<\/p>\t\t\t\t\t\t\t\t<\/div>\n\t\t\t\t<\/div>\n\t\t\t\t<\/div>\n\t\t\t\t\t<\/div>\n\t\t\t\t<\/div>\n\t\t<div class=\"elementor-element elementor-element-92d3b38 e-flex e-con-boxed e-con e-parent\" data-id=\"92d3b38\" data-element_type=\"container\">\n\t\t\t\t\t<div class=\"e-con-inner\">\n\t\t<div class=\"elementor-element elementor-element-dfea559 e-con-full e-flex e-con e-child\" data-id=\"dfea559\" data-element_type=\"container\">\n\t\t\t\t<div class=\"elementor-element elementor-element-b6fd03f elementor-widget elementor-widget-heading\" data-id=\"b6fd03f\" data-element_type=\"widget\" data-widget_type=\"heading.default\">\n\t\t\t\t<div class=\"elementor-widget-container\">\n\t\t\t\t\t<h3 class=\"elementor-heading-title elementor-size-default\">Portal do cliente<\/h3>\t\t\t\t<\/div>\n\t\t\t\t<\/div>\n\t\t\t\t<div class=\"elementor-element elementor-element-9f25d1e elementor-widget elementor-widget-text-editor\" data-id=\"9f25d1e\" data-element_type=\"widget\" data-widget_type=\"text-editor.default\">\n\t\t\t\t<div class=\"elementor-widget-container translation-block\">Crie ou visualize os seus casos de suporte existentes 24 horas por dia. Para solicitar acesso, entre em contato com o Suporte T\u00e9cnico pelo telefone \u00a0<a href=\"tel:+55 11 4349-6269\" target=\"_self\">+55 11 4349-6269<\/a>\u00a0ou pelo e-mail\u00a0<a href=\"\/pt\/support@systechone.com\/\" target=\"_blank\" rel=\"noopener\">support@systechone.com<\/a>.<\/div>\n\t\t\t\t<\/div>\n\t\t\t\t<div class=\"elementor-element elementor-element-608a389 elementor-align-left elementor-widget elementor-widget-button\" data-id=\"608a389\" data-element_type=\"widget\" data-widget_type=\"button.default\">\n\t\t\t\t<div class=\"elementor-widget-container\">\n\t\t\t\t\t\t\t\t\t<div class=\"elementor-button-wrapper\">\n\t\t\t\t\t<a class=\"elementor-button elementor-button-link elementor-size-md\" href=\"mailto:support@systechone.com\" target=\"_blank\">\n\t\t\t\t\t\t<span class=\"elementor-button-content-wrapper\">\n\t\t\t\t\t\t\t\t\t<span class=\"elementor-button-text\">SOLICITAR ACESSO<\/span>\n\t\t\t\t\t<\/span>\n\t\t\t\t\t<\/a>\n\t\t\t\t<\/div>\n\t\t\t\t\t\t\t\t<\/div>\n\t\t\t\t<\/div>\n\t\t\t\t<\/div>\n\t\t\t\t\t<\/div>\n\t\t\t\t<\/div>\n\t\t<div class=\"elementor-element elementor-element-5fd8228 e-flex e-con-boxed e-con e-parent\" data-id=\"5fd8228\" data-element_type=\"container\">\n\t\t\t\t\t<div class=\"e-con-inner\">\n\t\t<div class=\"elementor-element elementor-element-78bc4b4 e-con-full e-flex e-con e-child\" data-id=\"78bc4b4\" data-element_type=\"container\">\n\t\t\t\t<div class=\"elementor-element elementor-element-b8512d3 elementor-widget elementor-widget-heading\" data-id=\"b8512d3\" data-element_type=\"widget\" data-widget_type=\"heading.default\">\n\t\t\t\t<div class=\"elementor-widget-container\">\n\t\t\t\t\t<h3 class=\"elementor-heading-title elementor-size-default\">Informa\u00e7\u00f5es gerais<\/h3>\t\t\t\t<\/div>\n\t\t\t\t<\/div>\n\t\t\t\t<div class=\"elementor-element elementor-element-0206618 elementor-widget elementor-widget-text-editor\" data-id=\"0206618\" data-element_type=\"widget\" data-widget_type=\"text-editor.default\">\n\t\t\t\t<div class=\"elementor-widget-container translation-block\">Para quaisquer consultas relacionadas a nossos produtos ou solu\u00e7\u00f5es, entre em contato conosco pelo telefone <a href=\"tel:+55 11 98498-9746\" target=\"_self\">+55 11 98498-9746<\/a> . Estamos empenhados em lhe ajudar em todas as suas necessidades, da melhor maneira poss\u00edvel. Para consultas sobre vendas, entre em contato conosco pelo telefone <a href=\"tel:+55 11 98498-9746\" target=\"_self\"> +55 11 98498-9746<\/a> ou solicite detalhes abaixo.<\/div>\n\t\t\t\t<\/div>\n\t\t\t\t<div class=\"elementor-element elementor-element-0159497 elementor-align-left elementor-widget elementor-widget-button\" data-id=\"0159497\" data-element_type=\"widget\" data-widget_type=\"button.default\">\n\t\t\t\t<div class=\"elementor-widget-container\">\n\t\t\t\t\t\t\t\t\t<div class=\"elementor-button-wrapper\">\n\t\t\t\t\t<a class=\"elementor-button elementor-button-link elementor-size-sm\" href=\"https:\/\/staging.systech.ssdev.ca\/contact\/\">\n\t\t\t\t\t\t<span class=\"elementor-button-content-wrapper\">\n\t\t\t\t\t\t\t\t\t<span class=\"elementor-button-text\">ENTRE EM CONTATO CONOSCO<\/span>\n\t\t\t\t\t<\/span>\n\t\t\t\t\t<\/a>\n\t\t\t\t<\/div>\n\t\t\t\t\t\t\t\t<\/div>\n\t\t\t\t<\/div>\n\t\t\t\t<\/div>\n\t\t\t\t\t<\/div>\n\t\t\t\t<\/div>\n\t\t\t\t<\/div>","protected":false},"excerpt":{"rendered":"<p>Technical support Designed to address any technical request as fast and efficiently possible our team of experts is available whenever you need assistance through the method that is most convenient to you. Email Please email us at\u00a0support@systechone.com\u00a0if you are experiencing any support issues.\u00a0Our email support is available 24x7x365 For critical issues or time-sensitive inquiries, please [&hellip;]<\/p>","protected":false},"author":9,"featured_media":0,"parent":4841,"menu_order":0,"comment_status":"closed","ping_status":"closed","template":"","meta":{"_acf_changed":false,"content-type":"","footnotes":""},"class_list":["post-211","page","type-page","status-publish","hentry"],"acf":[],"yoast_head":"<!-- This site is optimized with the Yoast SEO plugin v25.1 - https:\/\/yoast.com\/wordpress\/plugins\/seo\/ -->\n<title>Technical Support - Systech<\/title>\n<meta name=\"description\" content=\"Systech offers customer support via email 240+ languages. Phone support 24\/7\/365 includes a Language Line translation solution at no additional cost.\" \/>\n<meta name=\"robots\" content=\"index, follow, max-snippet:-1, max-image-preview:large, max-video-preview:-1\" \/>\n<link rel=\"canonical\" href=\"https:\/\/dev.systech.ssdev.ca\/pt\/about\/centers-of-excellence\/customer-service\/\" \/>\n<meta property=\"og:locale\" content=\"pt_BR\" \/>\n<meta property=\"og:type\" content=\"article\" \/>\n<meta property=\"og:title\" content=\"Technical Support - Systech\" \/>\n<meta property=\"og:description\" content=\"Systech offers customer support via email 240+ languages. Phone support 24\/7\/365 includes a Language Line translation solution at no additional cost.\" \/>\n<meta property=\"og:url\" content=\"https:\/\/dev.systech.ssdev.ca\/pt\/about\/centers-of-excellence\/customer-service\/\" \/>\n<meta property=\"og:site_name\" content=\"Systech\" \/>\n<meta property=\"article:publisher\" content=\"https:\/\/www.facebook.com\/systechone\/\" \/>\n<meta property=\"article:modified_time\" content=\"2024-11-14T18:42:13+00:00\" \/>\n<meta name=\"twitter:card\" content=\"summary_large_image\" \/>\n<meta name=\"twitter:site\" content=\"@systechone\" \/>\n<meta name=\"twitter:label1\" content=\"Est. tempo de leitura\" \/>\n\t<meta name=\"twitter:data1\" content=\"2 minutos\" \/>\n<script type=\"application\/ld+json\" class=\"yoast-schema-graph\">{\"@context\":\"https:\/\/schema.org\",\"@graph\":[{\"@type\":\"WebPage\",\"@id\":\"https:\/\/dev.systech.ssdev.ca\/about\/centers-of-excellence\/customer-service\/\",\"url\":\"https:\/\/dev.systech.ssdev.ca\/about\/centers-of-excellence\/customer-service\/\",\"name\":\"Technical Support - Systech\",\"isPartOf\":{\"@id\":\"https:\/\/dev.systech.ssdev.ca\/#website\"},\"datePublished\":\"2018-03-20T17:51:51+00:00\",\"dateModified\":\"2024-11-14T18:42:13+00:00\",\"description\":\"Systech offers customer support via email 240+ languages. Phone support 24\/7\/365 includes a Language Line translation solution at no additional cost.\",\"breadcrumb\":{\"@id\":\"https:\/\/dev.systech.ssdev.ca\/about\/centers-of-excellence\/customer-service\/#breadcrumb\"},\"inLanguage\":\"pt-BR\",\"potentialAction\":[{\"@type\":\"ReadAction\",\"target\":[\"https:\/\/dev.systech.ssdev.ca\/about\/centers-of-excellence\/customer-service\/\"]}]},{\"@type\":\"BreadcrumbList\",\"@id\":\"https:\/\/dev.systech.ssdev.ca\/about\/centers-of-excellence\/customer-service\/#breadcrumb\",\"itemListElement\":[{\"@type\":\"ListItem\",\"position\":1,\"name\":\"Home\",\"item\":\"https:\/\/dev.systech.ssdev.ca\/\"},{\"@type\":\"ListItem\",\"position\":2,\"name\":\"About\",\"item\":\"https:\/\/dev.systech.ssdev.ca\/about\/\"},{\"@type\":\"ListItem\",\"position\":3,\"name\":\"Centers of Excellence\",\"item\":\"https:\/\/dev.systech.ssdev.ca\/about\/centers-of-excellence\/\"},{\"@type\":\"ListItem\",\"position\":4,\"name\":\"Technical Support\"}]},{\"@type\":\"WebSite\",\"@id\":\"https:\/\/dev.systech.ssdev.ca\/#website\",\"url\":\"https:\/\/dev.systech.ssdev.ca\/\",\"name\":\"Systech\",\"description\":\"a solutions division of Markem-Imaje\",\"publisher\":{\"@id\":\"https:\/\/dev.systech.ssdev.ca\/#organization\"},\"potentialAction\":[{\"@type\":\"SearchAction\",\"target\":{\"@type\":\"EntryPoint\",\"urlTemplate\":\"https:\/\/dev.systech.ssdev.ca\/?s={search_term_string}\"},\"query-input\":{\"@type\":\"PropertyValueSpecification\",\"valueRequired\":true,\"valueName\":\"search_term_string\"}}],\"inLanguage\":\"pt-BR\"},{\"@type\":\"Organization\",\"@id\":\"https:\/\/dev.systech.ssdev.ca\/#organization\",\"name\":\"Systech International\",\"url\":\"https:\/\/dev.systech.ssdev.ca\/\",\"logo\":{\"@type\":\"ImageObject\",\"inLanguage\":\"pt-BR\",\"@id\":\"https:\/\/dev.systech.ssdev.ca\/#\/schema\/logo\/image\/\",\"url\":\"https:\/\/https:\/\/dev.systech.ssdev.ca\/wp-content\/uploads\/2018\/04\/systech-logo.png\",\"contentUrl\":\"https:\/\/https:\/\/dev.systech.ssdev.ca\/wp-content\/uploads\/2018\/04\/systech-logo.png\",\"width\":551,\"height\":124,\"caption\":\"Systech International\"},\"image\":{\"@id\":\"https:\/\/dev.systech.ssdev.ca\/#\/schema\/logo\/image\/\"},\"sameAs\":[\"https:\/\/www.facebook.com\/systechone\/\",\"https:\/\/x.com\/systechone\",\"https:\/\/www.linkedin.com\/company\/systech-international\",\"https:\/\/www.youtube.com\/channel\/UC1fz6UKo5eMa1WxgVMGRhpA\/videos\"]}]}<\/script>\n<!-- \/ Yoast SEO plugin. -->","yoast_head_json":{"title":"Technical Support - Systech","description":"Systech offers customer support via email 240+ languages. Phone support 24\/7\/365 includes a Language Line translation solution at no additional cost.","robots":{"index":"index","follow":"follow","max-snippet":"max-snippet:-1","max-image-preview":"max-image-preview:large","max-video-preview":"max-video-preview:-1"},"canonical":"https:\/\/dev.systech.ssdev.ca\/pt\/about\/centers-of-excellence\/customer-service\/","og_locale":"pt_BR","og_type":"article","og_title":"Technical Support - Systech","og_description":"Systech offers customer support via email 240+ languages. Phone support 24\/7\/365 includes a Language Line translation solution at no additional cost.","og_url":"https:\/\/dev.systech.ssdev.ca\/pt\/about\/centers-of-excellence\/customer-service\/","og_site_name":"Systech","article_publisher":"https:\/\/www.facebook.com\/systechone\/","article_modified_time":"2024-11-14T18:42:13+00:00","twitter_card":"summary_large_image","twitter_site":"@systechone","twitter_misc":{"Est. tempo de leitura":"2 minutos"},"schema":{"@context":"https:\/\/schema.org","@graph":[{"@type":"WebPage","@id":"https:\/\/dev.systech.ssdev.ca\/about\/centers-of-excellence\/customer-service\/","url":"https:\/\/dev.systech.ssdev.ca\/about\/centers-of-excellence\/customer-service\/","name":"Technical Support - Systech","isPartOf":{"@id":"https:\/\/dev.systech.ssdev.ca\/#website"},"datePublished":"2018-03-20T17:51:51+00:00","dateModified":"2024-11-14T18:42:13+00:00","description":"Systech offers customer support via email 240+ languages. Phone support 24\/7\/365 includes a Language Line translation solution at no additional cost.","breadcrumb":{"@id":"https:\/\/dev.systech.ssdev.ca\/about\/centers-of-excellence\/customer-service\/#breadcrumb"},"inLanguage":"pt-BR","potentialAction":[{"@type":"ReadAction","target":["https:\/\/dev.systech.ssdev.ca\/about\/centers-of-excellence\/customer-service\/"]}]},{"@type":"BreadcrumbList","@id":"https:\/\/dev.systech.ssdev.ca\/about\/centers-of-excellence\/customer-service\/#breadcrumb","itemListElement":[{"@type":"ListItem","position":1,"name":"Home","item":"https:\/\/dev.systech.ssdev.ca\/"},{"@type":"ListItem","position":2,"name":"About","item":"https:\/\/dev.systech.ssdev.ca\/about\/"},{"@type":"ListItem","position":3,"name":"Centers of Excellence","item":"https:\/\/dev.systech.ssdev.ca\/about\/centers-of-excellence\/"},{"@type":"ListItem","position":4,"name":"Technical Support"}]},{"@type":"WebSite","@id":"https:\/\/dev.systech.ssdev.ca\/#website","url":"https:\/\/dev.systech.ssdev.ca\/","name":"Systech","description":"a solutions division of Markem-Imaje","publisher":{"@id":"https:\/\/dev.systech.ssdev.ca\/#organization"},"potentialAction":[{"@type":"SearchAction","target":{"@type":"EntryPoint","urlTemplate":"https:\/\/dev.systech.ssdev.ca\/?s={search_term_string}"},"query-input":{"@type":"PropertyValueSpecification","valueRequired":true,"valueName":"search_term_string"}}],"inLanguage":"pt-BR"},{"@type":"Organization","@id":"https:\/\/dev.systech.ssdev.ca\/#organization","name":"Systech International","url":"https:\/\/dev.systech.ssdev.ca\/","logo":{"@type":"ImageObject","inLanguage":"pt-BR","@id":"https:\/\/dev.systech.ssdev.ca\/#\/schema\/logo\/image\/","url":"https:\/\/https:\/\/dev.systech.ssdev.ca\/wp-content\/uploads\/2018\/04\/systech-logo.png","contentUrl":"https:\/\/https:\/\/dev.systech.ssdev.ca\/wp-content\/uploads\/2018\/04\/systech-logo.png","width":551,"height":124,"caption":"Systech International"},"image":{"@id":"https:\/\/dev.systech.ssdev.ca\/#\/schema\/logo\/image\/"},"sameAs":["https:\/\/www.facebook.com\/systechone\/","https:\/\/x.com\/systechone","https:\/\/www.linkedin.com\/company\/systech-international","https:\/\/www.youtube.com\/channel\/UC1fz6UKo5eMa1WxgVMGRhpA\/videos"]}]}},"_links":{"self":[{"href":"https:\/\/dev.systech.ssdev.ca\/pt\/wp-json\/wp\/v2\/pages\/211","targetHints":{"allow":["GET"]}}],"collection":[{"href":"https:\/\/dev.systech.ssdev.ca\/pt\/wp-json\/wp\/v2\/pages"}],"about":[{"href":"https:\/\/dev.systech.ssdev.ca\/pt\/wp-json\/wp\/v2\/types\/page"}],"author":[{"embeddable":true,"href":"https:\/\/dev.systech.ssdev.ca\/pt\/wp-json\/wp\/v2\/users\/9"}],"replies":[{"embeddable":true,"href":"https:\/\/dev.systech.ssdev.ca\/pt\/wp-json\/wp\/v2\/comments?post=211"}],"version-history":[{"count":0,"href":"https:\/\/dev.systech.ssdev.ca\/pt\/wp-json\/wp\/v2\/pages\/211\/revisions"}],"up":[{"embeddable":true,"href":"https:\/\/dev.systech.ssdev.ca\/pt\/wp-json\/wp\/v2\/pages\/4841"}],"wp:attachment":[{"href":"https:\/\/dev.systech.ssdev.ca\/pt\/wp-json\/wp\/v2\/media?parent=211"}],"curies":[{"name":"wp","href":"https:\/\/api.w.org\/{rel}","templated":true}]}}